{"id":12,"date":"2023-10-27T16:27:17","date_gmt":"2023-10-27T19:27:17","guid":{"rendered":"https:\/\/portifolio.id3sistemas.com.br\/imobiliaria\/?page_id=12"},"modified":"2024-09-16T12:00:57","modified_gmt":"2024-09-16T15:00:57","slug":"sobre-nos","status":"publish","type":"page","link":"https:\/\/portifolio.id3sistemas.com.br\/veiculos\/sobre-nos\/","title":{"rendered":"Sobre N\u00f3s"},"content":{"rendered":"\t\t<div data-elementor-type=\"wp-page\" data-elementor-id=\"12\" class=\"elementor elementor-12\" data-elementor-post-type=\"page\">\n\t\t\t\t<div class=\"elementor-element elementor-element-9195c74 e-flex e-con-boxed e-con e-parent\" data-id=\"9195c74\" data-element_type=\"container\" data-settings=\"{&quot;background_background&quot;:&quot;classic&quot;}\">\n\t\t\t\t\t<div class=\"e-con-inner\">\n\t\t<div class=\"elementor-element elementor-element-e91d443 e-con-full e-flex e-con e-child\" data-id=\"e91d443\" data-element_type=\"container\">\n\t\t\t\t<div class=\"elementor-element elementor-element-8501625 elementor-widget elementor-widget-heading\" data-id=\"8501625\" data-element_type=\"widget\" data-widget_type=\"heading.default\">\n\t\t\t\t<div class=\"elementor-widget-container\">\n\t\t\t<h2 class=\"elementor-heading-title elementor-size-default\">Sobre N\u00f3s<\/h2>\t\t<\/div>\n\t\t\t\t<\/div>\n\t\t\t\t<div class=\"elementor-element elementor-element-44a647d elementor-widget elementor-widget-text-editor\" data-id=\"44a647d\" data-element_type=\"widget\" data-widget_type=\"text-editor.default\">\n\t\t\t\t<div class=\"elementor-widget-container\">\n\t\t\t\t\t\t\t<p>Na <strong>Motor Prime<\/strong>, acreditamos que a experi\u00eancia de adquirir um ve\u00edculo deve ser t\u00e3o emocionante quanto dirigi-lo. Fundada com a miss\u00e3o de redefinir o mercado automotivo, a Motor Prime se especializa em oferecer uma curadoria exclusiva de ve\u00edculos, combinando inova\u00e7\u00e3o, qualidade e atendimento personalizado.<\/p><p><strong>Nossa Vis\u00e3o<\/strong><br \/>Ser refer\u00eancia no mercado automotivo, proporcionando aos nossos clientes uma experi\u00eancia de compra \u00fanica e diferenciada, onde a confian\u00e7a e a excel\u00eancia s\u00e3o os pilares de todas as nossas opera\u00e7\u00f5es.<\/p><p><strong>Nossa Miss\u00e3o<\/strong><br \/>Facilitar a aquisi\u00e7\u00e3o do ve\u00edculo ideal para cada cliente, oferecendo uma plataforma intuitiva, transparente e repleta de op\u00e7\u00f5es de alta qualidade. Na Motor Prime, nosso objetivo \u00e9 superar as expectativas, entregando muito mais do que apenas carros \u2013 entregamos sonhos sobre rodas.<\/p>\t\t\t\t\t\t<\/div>\n\t\t\t\t<\/div>\n\t\t\t\t<\/div>\n\t\t<div class=\"elementor-element elementor-element-c52c5b7 e-con-full e-flex e-con e-child\" data-id=\"c52c5b7\" data-element_type=\"container\">\n\t\t\t\t<\/div>\n\t\t\t\t\t<\/div>\n\t\t\t\t<\/div>\n\t\t\t\t<\/div>\n\t\t","protected":false},"excerpt":{"rendered":"<p>Sobre N\u00f3s Na Motor Prime, acreditamos que a experi\u00eancia de adquirir um ve\u00edculo deve ser t\u00e3o emocionante quanto dirigi-lo. Fundada com a miss\u00e3o de redefinir o mercado automotivo, a Motor Prime se especializa em oferecer uma curadoria exclusiva de ve\u00edculos, combinando inova\u00e7\u00e3o, qualidade e atendimento personalizado. Nossa Vis\u00e3oSer refer\u00eancia no mercado automotivo, proporcionando aos nossos [&hellip;]<\/p>\n","protected":false},"author":1,"featured_media":0,"parent":0,"menu_order":0,"comment_status":"closed","ping_status":"closed","template":"elementor_header_footer","meta":{"footnotes":""},"class_list":["post-12","page","type-page","status-publish","hentry"],"_links":{"self":[{"href":"https:\/\/portifolio.id3sistemas.com.br\/veiculos\/wp-json\/wp\/v2\/pages\/12"}],"collection":[{"href":"https:\/\/portifolio.id3sistemas.com.br\/veiculos\/wp-json\/wp\/v2\/pages"}],"about":[{"href":"https:\/\/portifolio.id3sistemas.com.br\/veiculos\/wp-json\/wp\/v2\/types\/page"}],"author":[{"embeddable":true,"href":"https:\/\/portifolio.id3sistemas.com.br\/veiculos\/wp-json\/wp\/v2\/users\/1"}],"replies":[{"embeddable":true,"href":"https:\/\/portifolio.id3sistemas.com.br\/veiculos\/wp-json\/wp\/v2\/comments?post=12"}],"version-history":[{"count":27,"href":"https:\/\/portifolio.id3sistemas.com.br\/veiculos\/wp-json\/wp\/v2\/pages\/12\/revisions"}],"predecessor-version":[{"id":2971,"href":"https:\/\/portifolio.id3sistemas.com.br\/veiculos\/wp-json\/wp\/v2\/pages\/12\/revisions\/2971"}],"wp:attachment":[{"href":"https:\/\/portifolio.id3sistemas.com.br\/veiculos\/wp-json\/wp\/v2\/media?parent=12"}],"curies":[{"name":"wp","href":"https:\/\/api.w.org\/{rel}","templated":true}]}}