{"id":468,"date":"2023-10-06T14:38:20","date_gmt":"2023-10-06T17:38:20","guid":{"rendered":"https:\/\/portifolio.id3sistemas.com.br\/membros\/?page_id=468"},"modified":"2023-10-06T15:08:30","modified_gmt":"2023-10-06T18:08:30","slug":"nossa-equipe","status":"publish","type":"page","link":"https:\/\/portifolio.id3sistemas.com.br\/membros\/nossa-equipe\/","title":{"rendered":"Nossa Equipe"},"content":{"rendered":"\t\t<div data-elementor-type=\"wp-page\" data-elementor-id=\"468\" class=\"elementor elementor-468\" data-elementor-post-type=\"page\">\n\t\t\t\t\t\t\t<div class=\"elementor-element elementor-element-86597ca e-flex e-con-boxed e-con e-parent\" data-id=\"86597ca\" data-element_type=\"container\" data-settings=\"{&quot;background_background&quot;:&quot;classic&quot;,&quot;container_type&quot;:&quot;flex&quot;,&quot;content_width&quot;:&quot;boxed&quot;}\" data-core-v316-plus=\"true\">\n\t\t\t\t\t<div class=\"e-con-inner\">\n\t\t\t\t<div class=\"elementor-element elementor-element-6dedc5b elementor-widget elementor-widget-heading\" data-id=\"6dedc5b\" data-element_type=\"widget\" data-widget_type=\"heading.default\">\n\t\t\t\t<div class=\"elementor-widget-container\">\n\t\t\t<style>\/*! elementor - v3.17.0 - 25-10-2023 *\/\n.elementor-heading-title{padding:0;margin:0;line-height:1}.elementor-widget-heading .elementor-heading-title[class*=elementor-size-]>a{color:inherit;font-size:inherit;line-height:inherit}.elementor-widget-heading .elementor-heading-title.elementor-size-small{font-size:15px}.elementor-widget-heading .elementor-heading-title.elementor-size-medium{font-size:19px}.elementor-widget-heading .elementor-heading-title.elementor-size-large{font-size:29px}.elementor-widget-heading .elementor-heading-title.elementor-size-xl{font-size:39px}.elementor-widget-heading .elementor-heading-title.elementor-size-xxl{font-size:59px}<\/style><h2 class=\"elementor-heading-title elementor-size-default\">Nossa Equipe<\/h2>\t\t<\/div>\n\t\t\t\t<\/div>\n\t\t\t\t<div class=\"elementor-element elementor-element-2364bca elementor-widget elementor-widget-heading\" data-id=\"2364bca\" data-element_type=\"widget\" data-widget_type=\"heading.default\">\n\t\t\t\t<div class=\"elementor-widget-container\">\n\t\t\t<h2 class=\"elementor-heading-title elementor-size-default\">Conhe\u00e7a nossa Equipe de especialistas<\/h2>\t\t<\/div>\n\t\t\t\t<\/div>\n\t\t\t\t\t<\/div>\n\t\t\t\t<\/div>\n\t\t<div class=\"elementor-element elementor-element-938bd91 e-grid e-con-boxed e-con e-child\" data-id=\"938bd91\" data-element_type=\"container\" data-settings=\"{&quot;background_background&quot;:&quot;classic&quot;,&quot;container_type&quot;:&quot;grid&quot;,&quot;grid_columns_grid_tablet&quot;:{&quot;unit&quot;:&quot;fr&quot;,&quot;size&quot;:2,&quot;sizes&quot;:[]},&quot;grid_columns_grid&quot;:{&quot;unit&quot;:&quot;fr&quot;,&quot;size&quot;:4,&quot;sizes&quot;:[]},&quot;grid_rows_grid&quot;:{&quot;unit&quot;:&quot;fr&quot;,&quot;size&quot;:1,&quot;sizes&quot;:[]},&quot;content_width&quot;:&quot;boxed&quot;,&quot;grid_outline&quot;:&quot;yes&quot;,&quot;grid_columns_grid_mobile&quot;:{&quot;unit&quot;:&quot;fr&quot;,&quot;size&quot;:1,&quot;sizes&quot;:[]},&quot;grid_rows_grid_tablet&quot;:{&quot;unit&quot;:&quot;fr&quot;,&quot;size&quot;:&quot;&quot;,&quot;sizes&quot;:[]},&quot;grid_rows_grid_mobile&quot;:{&quot;unit&quot;:&quot;fr&quot;,&quot;size&quot;:&quot;&quot;,&quot;sizes&quot;:[]},&quot;grid_auto_flow&quot;:&quot;row&quot;,&quot;grid_auto_flow_tablet&quot;:&quot;row&quot;,&quot;grid_auto_flow_mobile&quot;:&quot;row&quot;}\">\n\t\t\t\t\t<div class=\"e-con-inner\">\n\t\t\t\t<div class=\"elementor-element elementor-element-890fc0c elementor-position-top elementor-invisible elementor-widget elementor-widget-image-box\" data-id=\"890fc0c\" data-element_type=\"widget\" data-settings=\"{&quot;_animation&quot;:&quot;fadeInUp&quot;}\" data-widget_type=\"image-box.default\">\n\t\t\t\t<div class=\"elementor-widget-container\">\n\t\t\t<style>\/*! elementor - v3.17.0 - 25-10-2023 *\/\n.elementor-widget-image-box .elementor-image-box-content{width:100%}@media (min-width:768px){.elementor-widget-image-box.elementor-position-left .elementor-image-box-wrapper,.elementor-widget-image-box.elementor-position-right .elementor-image-box-wrapper{display:flex}.elementor-widget-image-box.elementor-position-right .elementor-image-box-wrapper{text-align:right;flex-direction:row-reverse}.elementor-widget-image-box.elementor-position-left .elementor-image-box-wrapper{text-align:left;flex-direction:row}.elementor-widget-image-box.elementor-position-top .elementor-image-box-img{margin:auto}.elementor-widget-image-box.elementor-vertical-align-top .elementor-image-box-wrapper{align-items:flex-start}.elementor-widget-image-box.elementor-vertical-align-middle .elementor-image-box-wrapper{align-items:center}.elementor-widget-image-box.elementor-vertical-align-bottom .elementor-image-box-wrapper{align-items:flex-end}}@media (max-width:767px){.elementor-widget-image-box .elementor-image-box-img{margin-left:auto!important;margin-right:auto!important;margin-bottom:15px}}.elementor-widget-image-box .elementor-image-box-img{display:inline-block}.elementor-widget-image-box .elementor-image-box-title a{color:inherit}.elementor-widget-image-box .elementor-image-box-wrapper{text-align:center}.elementor-widget-image-box .elementor-image-box-description{margin:0}<\/style><div class=\"elementor-image-box-wrapper\"><figure class=\"elementor-image-box-img\"><a href=\"https:\/\/portifolio.id3sistemas.com.br\/membros\/nathy-almeida\/\" tabindex=\"-1\"><img loading=\"lazy\" decoding=\"async\" width=\"400\" height=\"400\" src=\"https:\/\/portifolio.id3sistemas.com.br\/membros\/wp-content\/uploads\/2023\/10\/nathy-equipe.png\" class=\"attachment-full size-full wp-image-426\" alt=\"\" srcset=\"https:\/\/portifolio.id3sistemas.com.br\/membros\/wp-content\/uploads\/2023\/10\/nathy-equipe.png 400w, https:\/\/portifolio.id3sistemas.com.br\/membros\/wp-content\/uploads\/2023\/10\/nathy-equipe-300x300.png 300w, https:\/\/portifolio.id3sistemas.com.br\/membros\/wp-content\/uploads\/2023\/10\/nathy-equipe-150x150.png 150w\" sizes=\"(max-width: 400px) 100vw, 400px\" \/><\/a><\/figure><div class=\"elementor-image-box-content\"><h3 class=\"elementor-image-box-title\"><a href=\"https:\/\/portifolio.id3sistemas.com.br\/membros\/nathy-almeida\/\">Nathy Almeida<\/a><\/h3><p class=\"elementor-image-box-description\">Especialista em nutri\u00e7\u00e3o cardiol\u00f3gica, nutri\u00e7\u00e3o esportiva e educa\u00e7\u00e3o alimentar <br>\n\n<a href=\"https:\/\/portifolio.id3sistemas.com.br\/membros\/nathy-almeida\/\">Ver Perfil<\/a><\/p><\/div><\/div>\t\t<\/div>\n\t\t\t\t<\/div>\n\t\t\t\t<div class=\"elementor-element elementor-element-0a6b4e2 elementor-position-top elementor-invisible elementor-widget elementor-widget-image-box\" data-id=\"0a6b4e2\" data-element_type=\"widget\" data-settings=\"{&quot;_animation&quot;:&quot;fadeInUp&quot;}\" data-widget_type=\"image-box.default\">\n\t\t\t\t<div class=\"elementor-widget-container\">\n\t\t\t<div class=\"elementor-image-box-wrapper\"><figure class=\"elementor-image-box-img\"><a href=\"https:\/\/portifolio.id3sistemas.com.br\/membros\/fernanda-dias\/\" tabindex=\"-1\"><img loading=\"lazy\" decoding=\"async\" width=\"400\" height=\"400\" src=\"https:\/\/portifolio.id3sistemas.com.br\/membros\/wp-content\/uploads\/2023\/10\/Design-sem-nome-98.png\" class=\"attachment-full size-full wp-image-189\" alt=\"\" srcset=\"https:\/\/portifolio.id3sistemas.com.br\/membros\/wp-content\/uploads\/2023\/10\/Design-sem-nome-98.png 400w, https:\/\/portifolio.id3sistemas.com.br\/membros\/wp-content\/uploads\/2023\/10\/Design-sem-nome-98-300x300.png 300w, https:\/\/portifolio.id3sistemas.com.br\/membros\/wp-content\/uploads\/2023\/10\/Design-sem-nome-98-150x150.png 150w\" sizes=\"(max-width: 400px) 100vw, 400px\" \/><\/a><\/figure><div class=\"elementor-image-box-content\"><h3 class=\"elementor-image-box-title\"><a href=\"https:\/\/portifolio.id3sistemas.com.br\/membros\/fernanda-dias\/\">Fernanda Dias<\/a><\/h3><p class=\"elementor-image-box-description\">Especialista em nutri\u00e7\u00e3o cardiol\u00f3gica, nutri\u00e7\u00e3o esportiva e educa\u00e7\u00e3o alimentar <br>\n\n<a href=\"https:\/\/portifolio.id3sistemas.com.br\/membros\/fernanda-dias\/\">Ver perfil<\/a><\/p><\/div><\/div>\t\t<\/div>\n\t\t\t\t<\/div>\n\t\t\t\t<div class=\"elementor-element elementor-element-9bc2063 elementor-position-top elementor-invisible elementor-widget elementor-widget-image-box\" data-id=\"9bc2063\" data-element_type=\"widget\" data-settings=\"{&quot;_animation&quot;:&quot;fadeInUp&quot;}\" data-widget_type=\"image-box.default\">\n\t\t\t\t<div class=\"elementor-widget-container\">\n\t\t\t<div class=\"elementor-image-box-wrapper\"><figure class=\"elementor-image-box-img\"><a href=\"https:\/\/portifolio.id3sistemas.com.br\/membros\/italo-cardoso\/\" tabindex=\"-1\"><img loading=\"lazy\" decoding=\"async\" width=\"400\" height=\"400\" src=\"https:\/\/portifolio.id3sistemas.com.br\/membros\/wp-content\/uploads\/2023\/10\/Design-sem-nome-100.png\" class=\"attachment-full size-full wp-image-191\" alt=\"\" srcset=\"https:\/\/portifolio.id3sistemas.com.br\/membros\/wp-content\/uploads\/2023\/10\/Design-sem-nome-100.png 400w, https:\/\/portifolio.id3sistemas.com.br\/membros\/wp-content\/uploads\/2023\/10\/Design-sem-nome-100-300x300.png 300w, https:\/\/portifolio.id3sistemas.com.br\/membros\/wp-content\/uploads\/2023\/10\/Design-sem-nome-100-150x150.png 150w\" sizes=\"(max-width: 400px) 100vw, 400px\" \/><\/a><\/figure><div class=\"elementor-image-box-content\"><h3 class=\"elementor-image-box-title\"><a href=\"https:\/\/portifolio.id3sistemas.com.br\/membros\/italo-cardoso\/\">Italo Cardoso<\/a><\/h3><p class=\"elementor-image-box-description\">Especialista em nutri\u00e7\u00e3o cardiol\u00f3gica, nutri\u00e7\u00e3o esportiva e educa\u00e7\u00e3o alimentar<br>\n\n<a href=\"https:\/\/portifolio.id3sistemas.com.br\/membros\/italo-cardoso\/\">Ver Perfil<\/a><\/p><\/div><\/div>\t\t<\/div>\n\t\t\t\t<\/div>\n\t\t\t\t<div class=\"elementor-element elementor-element-26e32b6 elementor-position-top elementor-invisible elementor-widget elementor-widget-image-box\" data-id=\"26e32b6\" data-element_type=\"widget\" data-settings=\"{&quot;_animation&quot;:&quot;fadeInUp&quot;}\" data-widget_type=\"image-box.default\">\n\t\t\t\t<div class=\"elementor-widget-container\">\n\t\t\t<div class=\"elementor-image-box-wrapper\"><figure class=\"elementor-image-box-img\"><a href=\"https:\/\/portifolio.id3sistemas.com.br\/membros\/camila-andrade\/\" tabindex=\"-1\"><img loading=\"lazy\" decoding=\"async\" width=\"400\" height=\"400\" src=\"https:\/\/portifolio.id3sistemas.com.br\/membros\/wp-content\/uploads\/2023\/10\/Design-sem-nome-97.png\" class=\"attachment-full size-full wp-image-188\" alt=\"\" srcset=\"https:\/\/portifolio.id3sistemas.com.br\/membros\/wp-content\/uploads\/2023\/10\/Design-sem-nome-97.png 400w, https:\/\/portifolio.id3sistemas.com.br\/membros\/wp-content\/uploads\/2023\/10\/Design-sem-nome-97-300x300.png 300w, https:\/\/portifolio.id3sistemas.com.br\/membros\/wp-content\/uploads\/2023\/10\/Design-sem-nome-97-150x150.png 150w\" sizes=\"(max-width: 400px) 100vw, 400px\" \/><\/a><\/figure><div class=\"elementor-image-box-content\"><h3 class=\"elementor-image-box-title\"><a href=\"https:\/\/portifolio.id3sistemas.com.br\/membros\/camila-andrade\/\">Camila Andrade<\/a><\/h3><p class=\"elementor-image-box-description\">Especialista em nutri\u00e7\u00e3o cardiol\u00f3gica, nutri\u00e7\u00e3o esportiva e educa\u00e7\u00e3o alimentar<br>\n\n<a href=\"https:\/\/portifolio.id3sistemas.com.br\/membros\/camila-andrade\/\">Ver Perfil<\/a><\/p><\/div><\/div>\t\t<\/div>\n\t\t\t\t<\/div>\n\t\t\t\t\t<\/div>\n\t\t\t\t<\/div>\n\t\t\t\t\t\t\t<\/div>\n\t\t","protected":false},"excerpt":{"rendered":"<p>Nossa Equipe Conhe\u00e7a nossa Equipe de especialistas Nathy Almeida Especialista em nutri\u00e7\u00e3o cardiol\u00f3gica, nutri\u00e7\u00e3o esportiva e educa\u00e7\u00e3o alimentar Ver Perfil Fernanda Dias Especialista em nutri\u00e7\u00e3o cardiol\u00f3gica, nutri\u00e7\u00e3o esportiva e educa\u00e7\u00e3o alimentar Ver perfil Italo Cardoso Especialista em nutri\u00e7\u00e3o cardiol\u00f3gica, nutri\u00e7\u00e3o esportiva e educa\u00e7\u00e3o alimentar Ver Perfil Camila Andrade Especialista em nutri\u00e7\u00e3o cardiol\u00f3gica, nutri\u00e7\u00e3o esportiva e [&hellip;]<\/p>\n","protected":false},"author":1,"featured_media":0,"parent":0,"menu_order":0,"comment_status":"closed","ping_status":"closed","template":"elementor_header_footer","meta":{"footnotes":"","_joinchat":[]},"_links":{"self":[{"href":"https:\/\/portifolio.id3sistemas.com.br\/membros\/wp-json\/wp\/v2\/pages\/468"}],"collection":[{"href":"https:\/\/portifolio.id3sistemas.com.br\/membros\/wp-json\/wp\/v2\/pages"}],"about":[{"href":"https:\/\/portifolio.id3sistemas.com.br\/membros\/wp-json\/wp\/v2\/types\/page"}],"author":[{"embeddable":true,"href":"https:\/\/portifolio.id3sistemas.com.br\/membros\/wp-json\/wp\/v2\/users\/1"}],"replies":[{"embeddable":true,"href":"https:\/\/portifolio.id3sistemas.com.br\/membros\/wp-json\/wp\/v2\/comments?post=468"}],"version-history":[{"count":85,"href":"https:\/\/portifolio.id3sistemas.com.br\/membros\/wp-json\/wp\/v2\/pages\/468\/revisions"}],"predecessor-version":[{"id":576,"href":"https:\/\/portifolio.id3sistemas.com.br\/membros\/wp-json\/wp\/v2\/pages\/468\/revisions\/576"}],"wp:attachment":[{"href":"https:\/\/portifolio.id3sistemas.com.br\/membros\/wp-json\/wp\/v2\/media?parent=468"}],"curies":[{"name":"wp","href":"https:\/\/api.w.org\/{rel}","templated":true}]}}