{"id":12,"date":"2023-10-27T16:27:17","date_gmt":"2023-10-27T19:27:17","guid":{"rendered":"https:\/\/portifolio.id3sistemas.com.br\/imobiliaria\/?page_id=12"},"modified":"2023-11-27T10:21:32","modified_gmt":"2023-11-27T13:21:32","slug":"sobre-nos","status":"publish","type":"page","link":"https:\/\/portifolio.id3sistemas.com.br\/imobiliaria\/sobre-nos\/","title":{"rendered":"Sobre N\u00f3s"},"content":{"rendered":"\t\t<div data-elementor-type=\"wp-page\" data-elementor-id=\"12\" class=\"elementor elementor-12\" data-elementor-post-type=\"page\">\n\t\t\t\t\t\t\t<div class=\"elementor-element elementor-element-406a210 e-flex e-con-boxed e-con e-parent\" data-id=\"406a210\" data-element_type=\"container\" data-settings=\"{&quot;background_background&quot;:&quot;gradient&quot;,&quot;content_width&quot;:&quot;boxed&quot;}\" data-core-v316-plus=\"true\">\n\t\t\t\t\t<div class=\"e-con-inner\">\n\t\t\t\t<div class=\"elementor-element elementor-element-8501625 elementor-widget elementor-widget-heading\" data-id=\"8501625\" data-element_type=\"widget\" data-widget_type=\"heading.default\">\n\t\t\t\t<div class=\"elementor-widget-container\">\n\t\t\t<style>\/*! elementor - v3.17.0 - 08-11-2023 *\/\n.elementor-heading-title{padding:0;margin:0;line-height:1}.elementor-widget-heading .elementor-heading-title[class*=elementor-size-]>a{color:inherit;font-size:inherit;line-height:inherit}.elementor-widget-heading .elementor-heading-title.elementor-size-small{font-size:15px}.elementor-widget-heading .elementor-heading-title.elementor-size-medium{font-size:19px}.elementor-widget-heading .elementor-heading-title.elementor-size-large{font-size:29px}.elementor-widget-heading .elementor-heading-title.elementor-size-xl{font-size:39px}.elementor-widget-heading .elementor-heading-title.elementor-size-xxl{font-size:59px}<\/style><h2 class=\"elementor-heading-title elementor-size-default\">Sobre Urbano imobili\u00e1ria<\/h2>\t\t<\/div>\n\t\t\t\t<\/div>\n\t\t\t\t\t<\/div>\n\t\t\t\t<\/div>\n\t\t<div class=\"elementor-element elementor-element-bb2e897 e-flex e-con-boxed e-con e-parent\" data-id=\"bb2e897\" data-element_type=\"container\" data-settings=\"{&quot;content_width&quot;:&quot;boxed&quot;}\" data-core-v316-plus=\"true\">\n\t\t\t\t\t<div class=\"e-con-inner\">\n\t\t<div class=\"elementor-element elementor-element-fed1e6a e-con-full e-flex e-con e-child\" data-id=\"fed1e6a\" data-element_type=\"container\" data-settings=\"{&quot;content_width&quot;:&quot;full&quot;}\">\n\t\t\t\t<div class=\"elementor-element elementor-element-13fa18f elementor-invisible elementor-widget elementor-widget-heading\" data-id=\"13fa18f\" data-element_type=\"widget\" data-settings=\"{&quot;_animation&quot;:&quot;fadeIn&quot;}\" data-widget_type=\"heading.default\">\n\t\t\t\t<div class=\"elementor-widget-container\">\n\t\t\t<h2 class=\"elementor-heading-title elementor-size-default\">Sejam bem-vindos a Urbano <\/h2>\t\t<\/div>\n\t\t\t\t<\/div>\n\t\t\t\t<div class=\"elementor-element elementor-element-406c0f7 elementor-widget elementor-widget-text-editor\" data-id=\"406c0f7\" data-element_type=\"widget\" data-widget_type=\"text-editor.default\">\n\t\t\t\t<div class=\"elementor-widget-container\">\n\t\t\t<style>\/*! elementor - v3.17.0 - 08-11-2023 *\/\n.elementor-widget-text-editor.elementor-drop-cap-view-stacked .elementor-drop-cap{background-color:#69727d;color:#fff}.elementor-widget-text-editor.elementor-drop-cap-view-framed .elementor-drop-cap{color:#69727d;border:3px solid;background-color:transparent}.elementor-widget-text-editor:not(.elementor-drop-cap-view-default) .elementor-drop-cap{margin-top:8px}.elementor-widget-text-editor:not(.elementor-drop-cap-view-default) .elementor-drop-cap-letter{width:1em;height:1em}.elementor-widget-text-editor .elementor-drop-cap{float:left;text-align:center;line-height:1;font-size:50px}.elementor-widget-text-editor .elementor-drop-cap-letter{display:inline-block}<\/style>\t\t\t\t<p>Bem-vindo \u00e0 Urbano Imobili\u00e1ria, onde transformamos a busca por propriedades em uma jornada emocionante e gratificante. Desde a nossa funda\u00e7\u00e3o, temos nos dedicado a oferecer um servi\u00e7o excepcional, guiando nossos clientes na realiza\u00e7\u00e3o de seus sonhos de moradia..<\/p>\t\t\t\t\t\t<\/div>\n\t\t\t\t<\/div>\n\t\t\t\t<div class=\"elementor-element elementor-element-6576132 elementor-vertical-align-top elementor-invisible elementor-widget elementor-widget-icon-box\" data-id=\"6576132\" data-element_type=\"widget\" data-settings=\"{&quot;_animation&quot;:&quot;fadeIn&quot;}\" data-widget_type=\"icon-box.default\">\n\t\t\t\t<div class=\"elementor-widget-container\">\n\t\t\t<link rel=\"stylesheet\" href=\"https:\/\/portifolio.id3sistemas.com.br\/imobiliaria\/wp-content\/plugins\/elementor\/assets\/css\/widget-icon-box.min.css\">\t\t<div class=\"elementor-icon-box-wrapper\">\n\t\t\t\t\t\t<div class=\"elementor-icon-box-content\">\n\t\t\t\t<h3 class=\"elementor-icon-box-title\">\n\t\t\t\t\t<span  >\n\t\t\t\t\t\tMiss\u00e3o\t\t\t\t\t<\/span>\n\t\t\t\t<\/h3>\n\t\t\t\t\t\t\t\t\t<p class=\"elementor-icon-box-description\">\n\t\t\t\t\t\tNa Urbano Imobili\u00e1ria, nossa miss\u00e3o \u00e9 ir al\u00e9m das expectativas, proporcionando uma experi\u00eancia imobili\u00e1ria que transcende a simples transa\u00e7\u00e3o. Estamos empenhados em entender as necessidades individuais de cada cliente e em fornecer solu\u00e7\u00f5es personalizadas que transformem casas em lares e investimentos em oportunidades de sucesso.\t\t\t\t\t<\/p>\n\t\t\t\t\t\t\t<\/div>\n\t\t<\/div>\n\t\t\t\t<\/div>\n\t\t\t\t<\/div>\n\t\t\t\t<div class=\"elementor-element elementor-element-3c15ac9 elementor-vertical-align-top elementor-invisible elementor-widget elementor-widget-icon-box\" data-id=\"3c15ac9\" data-element_type=\"widget\" data-settings=\"{&quot;_animation&quot;:&quot;fadeIn&quot;}\" data-widget_type=\"icon-box.default\">\n\t\t\t\t<div class=\"elementor-widget-container\">\n\t\t\t\t\t<div class=\"elementor-icon-box-wrapper\">\n\t\t\t\t\t\t<div class=\"elementor-icon-box-content\">\n\t\t\t\t<h3 class=\"elementor-icon-box-title\">\n\t\t\t\t\t<span  >\n\t\t\t\t\t\tCompromisso com a Transpar\u00eancia\t\t\t\t\t<\/span>\n\t\t\t\t<\/h3>\n\t\t\t\t\t\t\t\t\t<p class=\"elementor-icon-box-description\">\n\t\t\t\t\t\tAcreditamos na transpar\u00eancia como base de qualquer relacionamento s\u00f3lido. Na Urbano, cada passo do processo imobili\u00e1rio \u00e9 conduzido com honestidade e clareza. Queremos que nossos clientes se sintam informados e capacitados em cada decis\u00e3o que tomam.\t\t\t\t\t<\/p>\n\t\t\t\t\t\t\t<\/div>\n\t\t<\/div>\n\t\t\t\t<\/div>\n\t\t\t\t<\/div>\n\t\t\t\t<div class=\"elementor-element elementor-element-e3840a6 elementor-vertical-align-top elementor-invisible elementor-widget elementor-widget-icon-box\" data-id=\"e3840a6\" data-element_type=\"widget\" data-settings=\"{&quot;_animation&quot;:&quot;fadeIn&quot;}\" data-widget_type=\"icon-box.default\">\n\t\t\t\t<div class=\"elementor-widget-container\">\n\t\t\t\t\t<div class=\"elementor-icon-box-wrapper\">\n\t\t\t\t\t\t<div class=\"elementor-icon-box-content\">\n\t\t\t\t<h3 class=\"elementor-icon-box-title\">\n\t\t\t\t\t<span  >\n\t\t\t\t\t\tEquipe Especializada\t\t\t\t\t<\/span>\n\t\t\t\t<\/h3>\n\t\t\t\t\t\t\t\t\t<p class=\"elementor-icon-box-description\">\n\t\t\t\t\t\tNossa equipe \u00e9 formada por profissionais altamente qualificados e apaixonados pelo mercado imobili\u00e1rio. Estamos aqui para orientar, aconselhar e facilitar, garantindo que cada cliente receba um servi\u00e7o personalizado que atenda \u00e0s suas necessidades espec\u00edficas.\t\t\t\t\t<\/p>\n\t\t\t\t\t\t\t<\/div>\n\t\t<\/div>\n\t\t\t\t<\/div>\n\t\t\t\t<\/div>\n\t\t\t\t<\/div>\n\t\t<div class=\"elementor-element elementor-element-e4cf8b4 e-con-full e-flex e-con e-child\" data-id=\"e4cf8b4\" data-element_type=\"container\" data-settings=\"{&quot;content_width&quot;:&quot;full&quot;}\">\n\t\t\t\t<div class=\"elementor-element elementor-element-c6795c4 elementor-invisible elementor-widget elementor-widget-image\" data-id=\"c6795c4\" data-element_type=\"widget\" data-settings=\"{&quot;_animation&quot;:&quot;fadeInRight&quot;}\" data-widget_type=\"image.default\">\n\t\t\t\t<div class=\"elementor-widget-container\">\n\t\t\t<style>\/*! elementor - v3.17.0 - 08-11-2023 *\/\n.elementor-widget-image{text-align:center}.elementor-widget-image a{display:inline-block}.elementor-widget-image a img[src$=\".svg\"]{width:48px}.elementor-widget-image img{vertical-align:middle;display:inline-block}<\/style>\t\t\t\t\t\t\t\t\t\t\t\t<img fetchpriority=\"high\" decoding=\"async\" width=\"1000\" height=\"668\" src=\"https:\/\/portifolio.id3sistemas.com.br\/imobiliaria\/wp-content\/uploads\/2023\/11\/urbano.jpg\" class=\"attachment-full size-full wp-image-461\" alt=\"\" srcset=\"https:\/\/portifolio.id3sistemas.com.br\/imobiliaria\/wp-content\/uploads\/2023\/11\/urbano.jpg 1000w, https:\/\/portifolio.id3sistemas.com.br\/imobiliaria\/wp-content\/uploads\/2023\/11\/urbano-300x200.jpg 300w, https:\/\/portifolio.id3sistemas.com.br\/imobiliaria\/wp-content\/uploads\/2023\/11\/urbano-768x513.jpg 768w\" sizes=\"(max-width: 1000px) 100vw, 1000px\" \/>\t\t\t\t\t\t\t\t\t\t\t\t\t\t\t<\/div>\n\t\t\t\t<\/div>\n\t\t\t\t<div class=\"elementor-element elementor-element-9cae99e elementor-vertical-align-top elementor-invisible elementor-widget elementor-widget-icon-box\" data-id=\"9cae99e\" data-element_type=\"widget\" data-settings=\"{&quot;_animation&quot;:&quot;fadeIn&quot;}\" data-widget_type=\"icon-box.default\">\n\t\t\t\t<div class=\"elementor-widget-container\">\n\t\t\t\t\t<div class=\"elementor-icon-box-wrapper\">\n\t\t\t\t\t\t<div class=\"elementor-icon-box-content\">\n\t\t\t\t<h3 class=\"elementor-icon-box-title\">\n\t\t\t\t\t<span  >\n\t\t\t\t\t\tVariedade de Op\u00e7\u00f5es\t\t\t\t\t<\/span>\n\t\t\t\t<\/h3>\n\t\t\t\t\t\t\t\t\t<p class=\"elementor-icon-box-description\">\n\t\t\t\t\t\tSeja voc\u00ea um comprador \u00e0 procura da casa dos sonhos, um vendedor procurando o melhor neg\u00f3cio ou um investidor em busca de oportunidades lucrativas, a Urbano Imobili\u00e1ria oferece uma ampla variedade de op\u00e7\u00f5es para atender a todos os perfis e objetivos.\t\t\t\t\t<\/p>\n\t\t\t\t\t\t\t<\/div>\n\t\t<\/div>\n\t\t\t\t<\/div>\n\t\t\t\t<\/div>\n\t\t\t\t<div class=\"elementor-element elementor-element-7b7d667 elementor-vertical-align-top elementor-invisible elementor-widget elementor-widget-icon-box\" data-id=\"7b7d667\" data-element_type=\"widget\" data-settings=\"{&quot;_animation&quot;:&quot;fadeIn&quot;}\" data-widget_type=\"icon-box.default\">\n\t\t\t\t<div class=\"elementor-widget-container\">\n\t\t\t\t\t<div class=\"elementor-icon-box-wrapper\">\n\t\t\t\t\t\t<div class=\"elementor-icon-box-content\">\n\t\t\t\t<h3 class=\"elementor-icon-box-title\">\n\t\t\t\t\t<span  >\n\t\t\t\t\t\tConectando Pessoas e Lares\t\t\t\t\t<\/span>\n\t\t\t\t<\/h3>\n\t\t\t\t\t\t\t\t\t<p class=\"elementor-icon-box-description\">\n\t\t\t\t\t\tAcreditamos que uma casa vai al\u00e9m de suas paredes; \u00e9 um ref\u00fagio onde mem\u00f3rias s\u00e3o criadas e vidas s\u00e3o vividas. Na Urbano Imobili\u00e1ria, estamos dedicados a conectar as pessoas aos lares que refletem verdadeiramente quem s\u00e3o.\t\t\t\t\t<\/p>\n\t\t\t\t\t\t\t<\/div>\n\t\t<\/div>\n\t\t\t\t<\/div>\n\t\t\t\t<\/div>\n\t\t\t\t<div class=\"elementor-element elementor-element-dd16691 elementor-align-center elementor-invisible elementor-widget elementor-widget-button\" data-id=\"dd16691\" data-element_type=\"widget\" data-settings=\"{&quot;_animation&quot;:&quot;fadeInUp&quot;}\" data-widget_type=\"button.default\">\n\t\t\t\t<div class=\"elementor-widget-container\">\n\t\t\t\t\t<div class=\"elementor-button-wrapper\">\n\t\t\t<a class=\"elementor-button elementor-button-link elementor-size-lg elementor-animation-grow\" href=\"#\">\n\t\t\t\t\t\t<span class=\"elementor-button-content-wrapper\">\n\t\t\t\t\t\t<span class=\"elementor-button-text\">Fale pelo Whatsapp<\/span>\n\t\t<\/span>\n\t\t\t\t\t<\/a>\n\t\t<\/div>\n\t\t\t\t<\/div>\n\t\t\t\t<\/div>\n\t\t\t\t<\/div>\n\t\t\t\t\t<\/div>\n\t\t\t\t<\/div>\n\t\t<div class=\"elementor-element elementor-element-d976d07 e-flex e-con-boxed elementor-invisible e-con e-parent\" data-id=\"d976d07\" data-element_type=\"container\" data-settings=\"{&quot;animation&quot;:&quot;fadeIn&quot;,&quot;content_width&quot;:&quot;boxed&quot;}\" data-core-v316-plus=\"true\">\n\t\t\t\t\t<div class=\"e-con-inner\">\n\t\t\t\t<div class=\"elementor-element elementor-element-150b2fe elementor-widget-tablet__width-initial elementor-widget__width-initial elementor-position-top elementor-widget elementor-widget-image-box\" data-id=\"150b2fe\" data-element_type=\"widget\" data-widget_type=\"image-box.default\">\n\t\t\t\t<div class=\"elementor-widget-container\">\n\t\t\t<style>\/*! elementor - v3.17.0 - 08-11-2023 *\/\n.elementor-widget-image-box .elementor-image-box-content{width:100%}@media (min-width:768px){.elementor-widget-image-box.elementor-position-left .elementor-image-box-wrapper,.elementor-widget-image-box.elementor-position-right .elementor-image-box-wrapper{display:flex}.elementor-widget-image-box.elementor-position-right .elementor-image-box-wrapper{text-align:right;flex-direction:row-reverse}.elementor-widget-image-box.elementor-position-left .elementor-image-box-wrapper{text-align:left;flex-direction:row}.elementor-widget-image-box.elementor-position-top .elementor-image-box-img{margin:auto}.elementor-widget-image-box.elementor-vertical-align-top .elementor-image-box-wrapper{align-items:flex-start}.elementor-widget-image-box.elementor-vertical-align-middle .elementor-image-box-wrapper{align-items:center}.elementor-widget-image-box.elementor-vertical-align-bottom .elementor-image-box-wrapper{align-items:flex-end}}@media (max-width:767px){.elementor-widget-image-box .elementor-image-box-img{margin-left:auto!important;margin-right:auto!important;margin-bottom:15px}}.elementor-widget-image-box .elementor-image-box-img{display:inline-block}.elementor-widget-image-box .elementor-image-box-title a{color:inherit}.elementor-widget-image-box .elementor-image-box-wrapper{text-align:center}.elementor-widget-image-box .elementor-image-box-description{margin:0}<\/style><div class=\"elementor-image-box-wrapper\"><figure class=\"elementor-image-box-img\"><img decoding=\"async\" width=\"512\" height=\"512\" src=\"https:\/\/portifolio.id3sistemas.com.br\/imobiliaria\/wp-content\/uploads\/2023\/11\/keys.png.webp\" class=\"attachment-full size-full wp-image-195\" alt=\"\" srcset=\"https:\/\/portifolio.id3sistemas.com.br\/imobiliaria\/wp-content\/uploads\/2023\/11\/keys.png.webp 512w, https:\/\/portifolio.id3sistemas.com.br\/imobiliaria\/wp-content\/uploads\/2023\/11\/keys.png-300x300.webp 300w, https:\/\/portifolio.id3sistemas.com.br\/imobiliaria\/wp-content\/uploads\/2023\/11\/keys.png-150x150.webp 150w\" sizes=\"(max-width: 512px) 100vw, 512px\" \/><\/figure><div class=\"elementor-image-box-content\"><h3 class=\"elementor-image-box-title\">Maior Carteira<\/h3><p class=\"elementor-image-box-description\">A maior vitrine de im\u00f3veis com mais de 5.000 im\u00f3veis ativos para vendas ou aluguel<\/p><\/div><\/div>\t\t<\/div>\n\t\t\t\t<\/div>\n\t\t\t\t<div class=\"elementor-element elementor-element-edf9124 elementor-widget__width-initial elementor-position-top elementor-widget elementor-widget-image-box\" data-id=\"edf9124\" data-element_type=\"widget\" data-widget_type=\"image-box.default\">\n\t\t\t\t<div class=\"elementor-widget-container\">\n\t\t\t<div class=\"elementor-image-box-wrapper\"><figure class=\"elementor-image-box-img\"><img decoding=\"async\" width=\"512\" height=\"512\" src=\"https:\/\/portifolio.id3sistemas.com.br\/imobiliaria\/wp-content\/uploads\/2023\/11\/premio-1.svg\" class=\"attachment-full size-full wp-image-121\" alt=\"\" \/><\/figure><div class=\"elementor-image-box-content\"><h3 class=\"elementor-image-box-title\">Tradi\u00e7\u00e3o<\/h3><p class=\"elementor-image-box-description\">23 anos de mercado, mais de 100 mil contratos administrados e o menor \u00edndice de inadimpl\u00eancia do segmento<\/p><\/div><\/div>\t\t<\/div>\n\t\t\t\t<\/div>\n\t\t\t\t<div class=\"elementor-element elementor-element-67af3d3 elementor-widget-tablet__width-initial elementor-widget__width-initial elementor-position-top elementor-widget elementor-widget-image-box\" data-id=\"67af3d3\" data-element_type=\"widget\" data-widget_type=\"image-box.default\">\n\t\t\t\t<div class=\"elementor-widget-container\">\n\t\t\t<div class=\"elementor-image-box-wrapper\"><figure class=\"elementor-image-box-img\"><img loading=\"lazy\" decoding=\"async\" width=\"512\" height=\"512\" src=\"https:\/\/portifolio.id3sistemas.com.br\/imobiliaria\/wp-content\/uploads\/2023\/11\/tendencia-1.svg\" class=\"attachment-full size-full wp-image-122\" alt=\"\" \/><\/figure><div class=\"elementor-image-box-content\"><h3 class=\"elementor-image-box-title\">Modernidade<\/h3><p class=\"elementor-image-box-description\">Sempre investindo em inova\u00e7\u00e3o, facilitando processos e melhorando a experi\u00eancia dos nossos clientes<\/p><\/div><\/div>\t\t<\/div>\n\t\t\t\t<\/div>\n\t\t\t\t<div class=\"elementor-element elementor-element-f4183ce elementor-widget__width-initial elementor-widget elementor-widget-heading\" data-id=\"f4183ce\" data-element_type=\"widget\" data-widget_type=\"heading.default\">\n\t\t\t\t<div class=\"elementor-widget-container\">\n\t\t\t<h2 class=\"elementor-heading-title elementor-size-default\">Nossos Diferenciais<\/h2>\t\t<\/div>\n\t\t\t\t<\/div>\n\t\t\t\t\t<\/div>\n\t\t\t\t<\/div>\n\t\t<div class=\"elementor-element elementor-element-7f50960 e-flex e-con-boxed elementor-invisible e-con e-parent\" data-id=\"7f50960\" data-element_type=\"container\" data-settings=\"{&quot;animation&quot;:&quot;fadeIn&quot;,&quot;content_width&quot;:&quot;boxed&quot;}\" data-core-v316-plus=\"true\">\n\t\t\t\t\t<div class=\"e-con-inner\">\n\t\t\t\t<div class=\"elementor-element elementor-element-79e4195 elementor-widget__width-initial elementor-widget elementor-widget-heading\" data-id=\"79e4195\" data-element_type=\"widget\" data-widget_type=\"heading.default\">\n\t\t\t\t<div class=\"elementor-widget-container\">\n\t\t\t<h2 class=\"elementor-heading-title elementor-size-default\">Venha Nos Visitar<\/h2>\t\t<\/div>\n\t\t\t\t<\/div>\n\t\t\t\t<div class=\"elementor-element elementor-element-1ebfb1c elementor-widget elementor-widget-google_maps\" data-id=\"1ebfb1c\" data-element_type=\"widget\" data-widget_type=\"google_maps.default\">\n\t\t\t\t<div class=\"elementor-widget-container\">\n\t\t\t<style>\/*! elementor - v3.17.0 - 08-11-2023 *\/\n.elementor-widget-google_maps .elementor-widget-container{overflow:hidden}.elementor-widget-google_maps .elementor-custom-embed{line-height:0}.elementor-widget-google_maps iframe{height:300px}<\/style>\t\t<div class=\"elementor-custom-embed\">\n\t\t\t<iframe loading=\"lazy\"\n\t\t\t\t\tsrc=\"https:\/\/maps.google.com\/maps?q=vi%C3%A7osa&#038;t=m&#038;z=15&#038;output=embed&#038;iwloc=near\"\n\t\t\t\t\ttitle=\"vi\u00e7osa\"\n\t\t\t\t\taria-label=\"vi\u00e7osa\"\n\t\t\t><\/iframe>\n\t\t<\/div>\n\t\t\t\t<\/div>\n\t\t\t\t<\/div>\n\t\t\t\t\t<\/div>\n\t\t\t\t<\/div>\n\t\t\t\t\t\t\t<\/div>\n\t\t","protected":false},"excerpt":{"rendered":"<p>Sobre Urbano imobili\u00e1ria Sejam bem-vindos a Urbano Bem-vindo \u00e0 Urbano Imobili\u00e1ria, onde transformamos a busca por propriedades em uma jornada emocionante e gratificante. Desde a nossa funda\u00e7\u00e3o, temos nos dedicado a oferecer um servi\u00e7o excepcional, guiando nossos clientes na realiza\u00e7\u00e3o de seus sonhos de moradia.. Miss\u00e3o Na Urbano Imobili\u00e1ria, nossa miss\u00e3o \u00e9 ir al\u00e9m das [&hellip;]<\/p>\n","protected":false},"author":1,"featured_media":0,"parent":0,"menu_order":0,"comment_status":"closed","ping_status":"closed","template":"elementor_header_footer","meta":{"footnotes":""},"_links":{"self":[{"href":"https:\/\/portifolio.id3sistemas.com.br\/imobiliaria\/wp-json\/wp\/v2\/pages\/12"}],"collection":[{"href":"https:\/\/portifolio.id3sistemas.com.br\/imobiliaria\/wp-json\/wp\/v2\/pages"}],"about":[{"href":"https:\/\/portifolio.id3sistemas.com.br\/imobiliaria\/wp-json\/wp\/v2\/types\/page"}],"author":[{"embeddable":true,"href":"https:\/\/portifolio.id3sistemas.com.br\/imobiliaria\/wp-json\/wp\/v2\/users\/1"}],"replies":[{"embeddable":true,"href":"https:\/\/portifolio.id3sistemas.com.br\/imobiliaria\/wp-json\/wp\/v2\/comments?post=12"}],"version-history":[{"count":31,"href":"https:\/\/portifolio.id3sistemas.com.br\/imobiliaria\/wp-json\/wp\/v2\/pages\/12\/revisions"}],"predecessor-version":[{"id":516,"href":"https:\/\/portifolio.id3sistemas.com.br\/imobiliaria\/wp-json\/wp\/v2\/pages\/12\/revisions\/516"}],"wp:attachment":[{"href":"https:\/\/portifolio.id3sistemas.com.br\/imobiliaria\/wp-json\/wp\/v2\/media?parent=12"}],"curies":[{"name":"wp","href":"https:\/\/api.w.org\/{rel}","templated":true}]}}