{"id":99,"date":"2023-08-29T16:18:28","date_gmt":"2023-08-29T19:18:28","guid":{"rendered":"https:\/\/portifolio.id3sistemas.com.br\/amoreljoias\/?post_type=product&#038;p=99"},"modified":"2023-08-29T21:26:02","modified_gmt":"2023-08-30T00:26:02","slug":"5-pecas-de-piercing-dourados","status":"publish","type":"product","link":"https:\/\/portifolio.id3sistemas.com.br\/amoreljoias\/produto\/5-pecas-de-piercing-dourados\/","title":{"rendered":"5 PE\u00c7AS DE PIERCING DOURADOS"},"content":{"rendered":"<p style=\"text-align: left;\">Com designs cuidadosamente elaborados e detalhes meticulosos, as semijoias s\u00e3o uma escolha popular para adornar ocasi\u00f5es especiais e o cotidiano com um toque de glamour. Seu charme reside na capacidade de capturar a eleg\u00e2ncia atemporal das joias, oferecendo uma op\u00e7\u00e3o vers\u00e1til para complementar diversos estilos e momentos.<\/p>\n","protected":false},"excerpt":{"rendered":"<p>Com designs cuidadosamente elaborados e detalhes meticulosos, as semijoias s\u00e3o uma escolha popular para adornar ocasi\u00f5es especiais e o cotidiano com um toque de glamour. Seu charme reside na capacidade de capturar a eleg\u00e2ncia atemporal das joias, oferecendo uma op\u00e7\u00e3o vers\u00e1til para complementar diversos estilos e momentos.<\/p>\n","protected":false},"featured_media":100,"comment_status":"open","ping_status":"closed","template":"","meta":[],"product_cat":[16,41],"product_tag":[],"_links":{"self":[{"href":"https:\/\/portifolio.id3sistemas.com.br\/amoreljoias\/wp-json\/wp\/v2\/product\/99"}],"collection":[{"href":"https:\/\/portifolio.id3sistemas.com.br\/amoreljoias\/wp-json\/wp\/v2\/product"}],"about":[{"href":"https:\/\/portifolio.id3sistemas.com.br\/amoreljoias\/wp-json\/wp\/v2\/types\/product"}],"replies":[{"embeddable":true,"href":"https:\/\/portifolio.id3sistemas.com.br\/amoreljoias\/wp-json\/wp\/v2\/comments?post=99"}],"wp:featuredmedia":[{"embeddable":true,"href":"https:\/\/portifolio.id3sistemas.com.br\/amoreljoias\/wp-json\/wp\/v2\/media\/100"}],"wp:attachment":[{"href":"https:\/\/portifolio.id3sistemas.com.br\/amoreljoias\/wp-json\/wp\/v2\/media?parent=99"}],"wp:term":[{"taxonomy":"product_cat","embeddable":true,"href":"https:\/\/portifolio.id3sistemas.com.br\/amoreljoias\/wp-json\/wp\/v2\/product_cat?post=99"},{"taxonomy":"product_tag","embeddable":true,"href":"https:\/\/portifolio.id3sistemas.com.br\/amoreljoias\/wp-json\/wp\/v2\/product_tag?post=99"}],"curies":[{"name":"wp","href":"https:\/\/api.w.org\/{rel}","templated":true}]}}