{"id":46,"date":"2023-08-29T15:50:00","date_gmt":"2023-08-29T18:50:00","guid":{"rendered":"https:\/\/portifolio.id3sistemas.com.br\/amoreljoias\/?post_type=product&#038;p=46"},"modified":"2023-08-29T21:15:37","modified_gmt":"2023-08-30T00:15:37","slug":"2-pecas-de-anel-dourado-de-decoracao-de-zircao","status":"publish","type":"product","link":"https:\/\/portifolio.id3sistemas.com.br\/amoreljoias\/produto\/2-pecas-de-anel-dourado-de-decoracao-de-zircao\/","title":{"rendered":"2 PE\u00c7AS DE ANEL DOURADO DE DECORA\u00c7\u00c3O DE ZIRC\u00c3O"},"content":{"rendered":"","protected":false},"excerpt":{"rendered":"","protected":false},"featured_media":59,"comment_status":"open","ping_status":"closed","template":"","meta":[],"product_cat":[40,41],"product_tag":[],"_links":{"self":[{"href":"https:\/\/portifolio.id3sistemas.com.br\/amoreljoias\/wp-json\/wp\/v2\/product\/46"}],"collection":[{"href":"https:\/\/portifolio.id3sistemas.com.br\/amoreljoias\/wp-json\/wp\/v2\/product"}],"about":[{"href":"https:\/\/portifolio.id3sistemas.com.br\/amoreljoias\/wp-json\/wp\/v2\/types\/product"}],"replies":[{"embeddable":true,"href":"https:\/\/portifolio.id3sistemas.com.br\/amoreljoias\/wp-json\/wp\/v2\/comments?post=46"}],"wp:featuredmedia":[{"embeddable":true,"href":"https:\/\/portifolio.id3sistemas.com.br\/amoreljoias\/wp-json\/wp\/v2\/media\/59"}],"wp:attachment":[{"href":"https:\/\/portifolio.id3sistemas.com.br\/amoreljoias\/wp-json\/wp\/v2\/media?parent=46"}],"wp:term":[{"taxonomy":"product_cat","embeddable":true,"href":"https:\/\/portifolio.id3sistemas.com.br\/amoreljoias\/wp-json\/wp\/v2\/product_cat?post=46"},{"taxonomy":"product_tag","embeddable":true,"href":"https:\/\/portifolio.id3sistemas.com.br\/amoreljoias\/wp-json\/wp\/v2\/product_tag?post=46"}],"curies":[{"name":"wp","href":"https:\/\/api.w.org\/{rel}","templated":true}]}}