{"id":402,"date":"2023-09-13T16:14:02","date_gmt":"2023-09-13T19:14:02","guid":{"rendered":"https:\/\/portifolio.id3sistemas.com.br\/amoreljoias\/?page_id=402"},"modified":"2023-09-13T16:22:12","modified_gmt":"2023-09-13T19:22:12","slug":"sobre-nos","status":"publish","type":"page","link":"https:\/\/portifolio.id3sistemas.com.br\/amoreljoias\/sobre-nos\/","title":{"rendered":"Sobre n\u00f3s"},"content":{"rendered":"\t\t<div data-elementor-type=\"wp-page\" data-elementor-id=\"402\" class=\"elementor elementor-402\">\n\t\t\t\t\t\t\t<div class=\"elementor-element elementor-element-496a82e e-flex e-con-boxed e-con e-parent\" data-id=\"496a82e\" data-element_type=\"container\" data-settings=\"{&quot;content_width&quot;:&quot;boxed&quot;}\" data-core-v316-plus=\"true\">\n\t\t\t\t\t<div class=\"e-con-inner\">\n\t\t<div class=\"elementor-element elementor-element-d1743f0 e-con-full e-flex e-con e-child\" data-id=\"d1743f0\" data-element_type=\"container\" data-settings=\"{&quot;content_width&quot;:&quot;full&quot;}\">\n\t\t\t\t<div class=\"elementor-element elementor-element-f01758f elementor-widget elementor-widget-heading\" data-id=\"f01758f\" data-element_type=\"widget\" data-widget_type=\"heading.default\">\n\t\t\t\t<div class=\"elementor-widget-container\">\n\t\t\t<style>\/*! elementor - v3.16.0 - 13-09-2023 *\/\n.elementor-heading-title{padding:0;margin:0;line-height:1}.elementor-widget-heading .elementor-heading-title[class*=elementor-size-]>a{color:inherit;font-size:inherit;line-height:inherit}.elementor-widget-heading .elementor-heading-title.elementor-size-small{font-size:15px}.elementor-widget-heading .elementor-heading-title.elementor-size-medium{font-size:19px}.elementor-widget-heading .elementor-heading-title.elementor-size-large{font-size:29px}.elementor-widget-heading .elementor-heading-title.elementor-size-xl{font-size:39px}.elementor-widget-heading .elementor-heading-title.elementor-size-xxl{font-size:59px}<\/style><h2 class=\"elementor-heading-title elementor-size-default\">Sobre N\u00f3s<\/h2>\t\t<\/div>\n\t\t\t\t<\/div>\n\t\t\t\t<div class=\"elementor-element elementor-element-9d171f8 elementor-widget elementor-widget-text-editor\" data-id=\"9d171f8\" data-element_type=\"widget\" data-widget_type=\"text-editor.default\">\n\t\t\t\t<div class=\"elementor-widget-container\">\n\t\t\t<style>\/*! elementor - v3.16.0 - 13-09-2023 *\/\n.elementor-widget-text-editor.elementor-drop-cap-view-stacked .elementor-drop-cap{background-color:#69727d;color:#fff}.elementor-widget-text-editor.elementor-drop-cap-view-framed .elementor-drop-cap{color:#69727d;border:3px solid;background-color:transparent}.elementor-widget-text-editor:not(.elementor-drop-cap-view-default) .elementor-drop-cap{margin-top:8px}.elementor-widget-text-editor:not(.elementor-drop-cap-view-default) .elementor-drop-cap-letter{width:1em;height:1em}.elementor-widget-text-editor .elementor-drop-cap{float:left;text-align:center;line-height:1;font-size:50px}.elementor-widget-text-editor .elementor-drop-cap-letter{display:inline-block}<\/style>\t\t\t\t<p>Aqui na Amorel Joias comprometidos em oferecer os melhores produtos sempre com aquele pre\u00e7o especial que cabe no seu bolso, tudo isso alinhado com uma atendimento ao cliente em tempo real, onde priorizamos sempre a satisfa\u00e7\u00e3o dos nossos consumidores.<\/p><p>\u00a0<\/p><p>Surgimos pela paix\u00e3o e pelo desejo de conectar as pessoas com o que h\u00e1 de melhor sem a necessidade de sair de casa. Levamos com a comodidade de comprar com a apenas um clique todas as tend\u00eancias mundiais para o conforto do seu lar.<\/p><p>\u00a0<\/p><p>N\u00f3s somos apaixonados pelo o que fazemos! Temos uma equipe treinada e direcionada para sempre atualizarmos nossos estoques com o que h\u00e1 de mais recente e sofisticado no cen\u00e1rio mundial.<\/p><p>\u00a0<\/p><p>Buscamos sempre os melhores produtos e fornecedores para proporcionar aos nossos clientes o melhor pre\u00e7o de vendas online. Todos os nossos fornecedores passam por um processo bem rigoros de an\u00e1lise para que possam trabalhar junto conosco, fazemos isso para que possamos fornecer produtos que supram todas as exig\u00eancias dos nossos clientes.<\/p>\t\t\t\t\t\t<\/div>\n\t\t\t\t<\/div>\n\t\t\t\t<div class=\"elementor-element elementor-element-4cbe459 elementor-widget elementor-widget-heading\" data-id=\"4cbe459\" data-element_type=\"widget\" data-widget_type=\"heading.default\">\n\t\t\t\t<div class=\"elementor-widget-container\">\n\t\t\t<h2 class=\"elementor-heading-title elementor-size-default\">FAQ ( Perguntas Frequentes)<\/h2>\t\t<\/div>\n\t\t\t\t<\/div>\n\t\t\t\t<div class=\"elementor-element elementor-element-2dd01e4 elementor-widget elementor-widget-toggle\" data-id=\"2dd01e4\" data-element_type=\"widget\" data-widget_type=\"toggle.default\">\n\t\t\t\t<div class=\"elementor-widget-container\">\n\t\t\t<style>\/*! elementor - v3.16.0 - 13-09-2023 *\/\n.elementor-toggle{text-align:left}.elementor-toggle .elementor-tab-title{font-weight:700;line-height:1;margin:0;padding:15px;border-bottom:1px solid #d5d8dc;cursor:pointer;outline:none}.elementor-toggle .elementor-tab-title .elementor-toggle-icon{display:inline-block;width:1em}.elementor-toggle .elementor-tab-title .elementor-toggle-icon svg{margin-inline-start:-5px;width:1em;height:1em}.elementor-toggle .elementor-tab-title .elementor-toggle-icon.elementor-toggle-icon-right{float:right;text-align:right}.elementor-toggle .elementor-tab-title .elementor-toggle-icon.elementor-toggle-icon-left{float:left;text-align:left}.elementor-toggle .elementor-tab-title .elementor-toggle-icon .elementor-toggle-icon-closed{display:block}.elementor-toggle .elementor-tab-title .elementor-toggle-icon .elementor-toggle-icon-opened{display:none}.elementor-toggle .elementor-tab-title.elementor-active{border-bottom:none}.elementor-toggle .elementor-tab-title.elementor-active .elementor-toggle-icon-closed{display:none}.elementor-toggle .elementor-tab-title.elementor-active .elementor-toggle-icon-opened{display:block}.elementor-toggle .elementor-tab-content{padding:15px;border-bottom:1px solid #d5d8dc;display:none}@media (max-width:767px){.elementor-toggle .elementor-tab-title{padding:12px}.elementor-toggle .elementor-tab-content{padding:12px 10px}}.e-con-inner>.elementor-widget-toggle,.e-con>.elementor-widget-toggle{width:var(--container-widget-width);--flex-grow:var(--container-widget-flex-grow)}<\/style>\t\t<div class=\"elementor-toggle\">\n\t\t\t\t\t\t\t<div class=\"elementor-toggle-item\">\n\t\t\t\t\t<div id=\"elementor-tab-title-4801\" class=\"elementor-tab-title\" data-tab=\"1\" role=\"button\" aria-controls=\"elementor-tab-content-4801\" aria-expanded=\"false\">\n\t\t\t\t\t\t\t\t\t\t\t\t<span class=\"elementor-toggle-icon elementor-toggle-icon-left\" aria-hidden=\"true\">\n\t\t\t\t\t\t\t\t\t\t\t\t\t\t\t<span class=\"elementor-toggle-icon-closed\"><i class=\"fas fa-caret-right\"><\/i><\/span>\n\t\t\t\t\t\t\t\t<span class=\"elementor-toggle-icon-opened\"><i class=\"elementor-toggle-icon-opened fas fa-caret-up\"><\/i><\/span>\n\t\t\t\t\t\t\t\t\t\t\t\t\t<\/span>\n\t\t\t\t\t\t\t\t\t\t\t\t<a class=\"elementor-toggle-title\" tabindex=\"0\">Como entrar em contato com a Amorel Joias?<\/a>\n\t\t\t\t\t<\/div>\n\n\t\t\t\t\t<div id=\"elementor-tab-content-4801\" class=\"elementor-tab-content elementor-clearfix\" data-tab=\"1\" role=\"region\" aria-labelledby=\"elementor-tab-title-4801\"><p>Voc\u00ea pode nos enviar um e-mail para contato@amoreljoias.com.br ou <a href=\"https:\/\/portifolio.id3sistemas.com.br\/amoreljoias\/contato\/\">clicar aqui<\/a><\/p><\/div>\n\t\t\t\t<\/div>\n\t\t\t\t\t\t\t<div class=\"elementor-toggle-item\">\n\t\t\t\t\t<div id=\"elementor-tab-title-4802\" class=\"elementor-tab-title\" data-tab=\"2\" role=\"button\" aria-controls=\"elementor-tab-content-4802\" aria-expanded=\"false\">\n\t\t\t\t\t\t\t\t\t\t\t\t<span class=\"elementor-toggle-icon elementor-toggle-icon-left\" aria-hidden=\"true\">\n\t\t\t\t\t\t\t\t\t\t\t\t\t\t\t<span class=\"elementor-toggle-icon-closed\"><i class=\"fas fa-caret-right\"><\/i><\/span>\n\t\t\t\t\t\t\t\t<span class=\"elementor-toggle-icon-opened\"><i class=\"elementor-toggle-icon-opened fas fa-caret-up\"><\/i><\/span>\n\t\t\t\t\t\t\t\t\t\t\t\t\t<\/span>\n\t\t\t\t\t\t\t\t\t\t\t\t<a class=\"elementor-toggle-title\" tabindex=\"0\">Quanto tempo leva para eu receber meu produto?<\/a>\n\t\t\t\t\t<\/div>\n\n\t\t\t\t\t<div id=\"elementor-tab-content-4802\" class=\"elementor-tab-content elementor-clearfix\" data-tab=\"2\" role=\"region\" aria-labelledby=\"elementor-tab-title-4802\"><p>O prazo m\u00e9dio de entregas \u00e9 de 2 a 8 semanas ap\u00f3s o despacho da mercadoria, podendo levar at\u00e9 7 dias \u00fateis para ser despachado. Este prazo \u00e9 utilizado para a separa\u00e7\u00e3o do produto em estoque, embalagem, entrega \u00e0 companhia a\u00e9rea, frete e a inser\u00e7\u00e3o do c\u00f3digo no sistema.<\/p><\/div>\n\t\t\t\t<\/div>\n\t\t\t\t\t\t\t<div class=\"elementor-toggle-item\">\n\t\t\t\t\t<div id=\"elementor-tab-title-4803\" class=\"elementor-tab-title\" data-tab=\"3\" role=\"button\" aria-controls=\"elementor-tab-content-4803\" aria-expanded=\"false\">\n\t\t\t\t\t\t\t\t\t\t\t\t<span class=\"elementor-toggle-icon elementor-toggle-icon-left\" aria-hidden=\"true\">\n\t\t\t\t\t\t\t\t\t\t\t\t\t\t\t<span class=\"elementor-toggle-icon-closed\"><i class=\"fas fa-caret-right\"><\/i><\/span>\n\t\t\t\t\t\t\t\t<span class=\"elementor-toggle-icon-opened\"><i class=\"elementor-toggle-icon-opened fas fa-caret-up\"><\/i><\/span>\n\t\t\t\t\t\t\t\t\t\t\t\t\t<\/span>\n\t\t\t\t\t\t\t\t\t\t\t\t<a class=\"elementor-toggle-title\" tabindex=\"0\">Quais as formas de pagamento dispon\u00edveis?<\/a>\n\t\t\t\t\t<\/div>\n\n\t\t\t\t\t<div id=\"elementor-tab-content-4803\" class=\"elementor-tab-content elementor-clearfix\" data-tab=\"3\" role=\"region\" aria-labelledby=\"elementor-tab-title-4803\"><p>Cart\u00e3o de Cr\u00e9dito \u2013 parcelamentos em at\u00e9 12x (Visa, Mastercard, American Express e Discover)<\/p><\/div>\n\t\t\t\t<\/div>\n\t\t\t\t\t\t\t<div class=\"elementor-toggle-item\">\n\t\t\t\t\t<div id=\"elementor-tab-title-4804\" class=\"elementor-tab-title\" data-tab=\"4\" role=\"button\" aria-controls=\"elementor-tab-content-4804\" aria-expanded=\"false\">\n\t\t\t\t\t\t\t\t\t\t\t\t<span class=\"elementor-toggle-icon elementor-toggle-icon-left\" aria-hidden=\"true\">\n\t\t\t\t\t\t\t\t\t\t\t\t\t\t\t<span class=\"elementor-toggle-icon-closed\"><i class=\"fas fa-caret-right\"><\/i><\/span>\n\t\t\t\t\t\t\t\t<span class=\"elementor-toggle-icon-opened\"><i class=\"elementor-toggle-icon-opened fas fa-caret-up\"><\/i><\/span>\n\t\t\t\t\t\t\t\t\t\t\t\t\t<\/span>\n\t\t\t\t\t\t\t\t\t\t\t\t<a class=\"elementor-toggle-title\" tabindex=\"0\">Qual o prazo para a aprova\u00e7\u00e3o do meu pedido?<\/a>\n\t\t\t\t\t<\/div>\n\n\t\t\t\t\t<div id=\"elementor-tab-content-4804\" class=\"elementor-tab-content elementor-clearfix\" data-tab=\"4\" role=\"region\" aria-labelledby=\"elementor-tab-title-4804\"><p>A aprova\u00e7\u00e3o varia de acordo com a forma de pagamento escolhida por voc\u00ea. Temos duas formas de pagamentos vi\u00e1veis:<\/p><ul><li><b>Boleto Banc\u00e1rio:<\/b>\u00a0geralmente, leva at\u00e9 3 dias \u00fateis para a compensa\u00e7\u00e3o banc\u00e1ria. Sendo assim, pagamentos de boletos na sexta-feira compensar\u00e1 somente na segunda ou at\u00e9 ter\u00e7a-feira;<\/li><li><b>Cart\u00e3o de Cr\u00e9dito:<\/b>\u00a0a aprova\u00e7\u00e3o costuma cair no mesmo instante. Caso haja algum preenchimento incorreto dos dados no ato da compra, n\u00f3s e voc\u00ea seremos notificados, assim entraremos em contato para confirmar os dados para que voc\u00ea possa refazer a compra conosco.<\/li><\/ul><\/div>\n\t\t\t\t<\/div>\n\t\t\t\t\t\t\t\t<\/div>\n\t\t\t\t<\/div>\n\t\t\t\t<\/div>\n\t\t\t\t<\/div>\n\t\t<div class=\"elementor-element elementor-element-8c9a9a2 e-con-full e-flex e-con e-child\" data-id=\"8c9a9a2\" data-element_type=\"container\" data-settings=\"{&quot;content_width&quot;:&quot;full&quot;}\">\n\t\t\t\t<div class=\"elementor-element elementor-element-9e15cd4 elementor-widget elementor-widget-image\" data-id=\"9e15cd4\" data-element_type=\"widget\" data-widget_type=\"image.default\">\n\t\t\t\t<div class=\"elementor-widget-container\">\n\t\t\t<style>\/*! elementor - v3.16.0 - 13-09-2023 *\/\n.elementor-widget-image{text-align:center}.elementor-widget-image a{display:inline-block}.elementor-widget-image a img[src$=\".svg\"]{width:48px}.elementor-widget-image img{vertical-align:middle;display:inline-block}<\/style>\t\t\t\t\t\t\t\t\t\t\t\t<img decoding=\"async\" loading=\"lazy\" width=\"300\" height=\"350\" src=\"https:\/\/portifolio.id3sistemas.com.br\/amoreljoias\/wp-content\/uploads\/2023\/09\/Design-sem-nome-67-1.png\" class=\"attachment-large size-large wp-image-405\" alt=\"\" srcset=\"https:\/\/portifolio.id3sistemas.com.br\/amoreljoias\/wp-content\/uploads\/2023\/09\/Design-sem-nome-67-1.png 300w, https:\/\/portifolio.id3sistemas.com.br\/amoreljoias\/wp-content\/uploads\/2023\/09\/Design-sem-nome-67-1-257x300.png 257w, https:\/\/portifolio.id3sistemas.com.br\/amoreljoias\/wp-content\/uploads\/2023\/09\/Design-sem-nome-67-1-64x75.png 64w\" sizes=\"(max-width: 300px) 100vw, 300px\" \/>\t\t\t\t\t\t\t\t\t\t\t\t\t\t\t<\/div>\n\t\t\t\t<\/div>\n\t\t\t\t<\/div>\n\t\t\t\t\t<\/div>\n\t\t\t\t<\/div>\n\t\t\t\t\t\t\t<\/div>\n\t\t","protected":false},"excerpt":{"rendered":"<p>Sobre N\u00f3s Aqui na Amorel Joias comprometidos em oferecer os melhores produtos sempre com aquele pre\u00e7o especial que cabe no seu bolso, tudo isso alinhado com uma atendimento ao cliente em tempo real, onde priorizamos sempre a satisfa\u00e7\u00e3o dos nossos consumidores. \u00a0 Surgimos pela paix\u00e3o e pelo desejo de conectar as pessoas com o que [&hellip;]<\/p>\n","protected":false},"author":1,"featured_media":0,"parent":0,"menu_order":0,"comment_status":"closed","ping_status":"closed","template":"elementor_header_footer","meta":{"footnotes":""},"_links":{"self":[{"href":"https:\/\/portifolio.id3sistemas.com.br\/amoreljoias\/wp-json\/wp\/v2\/pages\/402"}],"collection":[{"href":"https:\/\/portifolio.id3sistemas.com.br\/amoreljoias\/wp-json\/wp\/v2\/pages"}],"about":[{"href":"https:\/\/portifolio.id3sistemas.com.br\/amoreljoias\/wp-json\/wp\/v2\/types\/page"}],"author":[{"embeddable":true,"href":"https:\/\/portifolio.id3sistemas.com.br\/amoreljoias\/wp-json\/wp\/v2\/users\/1"}],"replies":[{"embeddable":true,"href":"https:\/\/portifolio.id3sistemas.com.br\/amoreljoias\/wp-json\/wp\/v2\/comments?post=402"}],"version-history":[{"count":7,"href":"https:\/\/portifolio.id3sistemas.com.br\/amoreljoias\/wp-json\/wp\/v2\/pages\/402\/revisions"}],"predecessor-version":[{"id":411,"href":"https:\/\/portifolio.id3sistemas.com.br\/amoreljoias\/wp-json\/wp\/v2\/pages\/402\/revisions\/411"}],"wp:attachment":[{"href":"https:\/\/portifolio.id3sistemas.com.br\/amoreljoias\/wp-json\/wp\/v2\/media?parent=402"}],"curies":[{"name":"wp","href":"https:\/\/api.w.org\/{rel}","templated":true}]}}