{"id":105,"date":"2023-08-29T16:21:27","date_gmt":"2023-08-29T19:21:27","guid":{"rendered":"https:\/\/portifolio.id3sistemas.com.br\/amoreljoias\/?page_id=105"},"modified":"2023-09-13T18:42:07","modified_gmt":"2023-09-13T21:42:07","slug":"home","status":"publish","type":"page","link":"https:\/\/portifolio.id3sistemas.com.br\/amoreljoias\/","title":{"rendered":"Home"},"content":{"rendered":"\t\t<div data-elementor-type=\"wp-page\" data-elementor-id=\"105\" class=\"elementor elementor-105\">\n\t\t\t\t\t\t\t<a class=\"elementor-element elementor-element-923fb9e e-flex e-con-boxed e-con e-parent\" data-id=\"923fb9e\" data-element_type=\"container\" data-settings=\"{&quot;background_background&quot;:&quot;classic&quot;,&quot;content_width&quot;:&quot;boxed&quot;}\" data-core-v316-plus=\"true\" href=\"https:\/\/portifolio.id3sistemas.com.br\/amoreljoias\/loja\/\">\n\t\t\t\t\t<div class=\"e-con-inner\">\n\t\t\t\t\t<\/div>\n\t\t\t\t<\/a>\n\t\t<div class=\"elementor-element elementor-element-afe62cf e-flex e-con-boxed e-con e-parent\" data-id=\"afe62cf\" data-element_type=\"container\" data-settings=\"{&quot;content_width&quot;:&quot;boxed&quot;}\" data-core-v316-plus=\"true\">\n\t\t\t\t\t<div class=\"e-con-inner\">\n\t\t\t\t<div class=\"elementor-element elementor-element-1b89890 elementor-widget__width-initial elementor-widget elementor-widget-heading\" data-id=\"1b89890\" data-element_type=\"widget\" data-widget_type=\"heading.default\">\n\t\t\t\t<div class=\"elementor-widget-container\">\n\t\t\t<style>\/*! elementor - v3.16.0 - 13-09-2023 *\/\n.elementor-heading-title{padding:0;margin:0;line-height:1}.elementor-widget-heading .elementor-heading-title[class*=elementor-size-]>a{color:inherit;font-size:inherit;line-height:inherit}.elementor-widget-heading .elementor-heading-title.elementor-size-small{font-size:15px}.elementor-widget-heading .elementor-heading-title.elementor-size-medium{font-size:19px}.elementor-widget-heading .elementor-heading-title.elementor-size-large{font-size:29px}.elementor-widget-heading .elementor-heading-title.elementor-size-xl{font-size:39px}.elementor-widget-heading .elementor-heading-title.elementor-size-xxl{font-size:59px}<\/style><h2 class=\"elementor-heading-title elementor-size-default\">Compre por categoria:<\/h2>\t\t<\/div>\n\t\t\t\t<\/div>\n\t\t\t\t<div class=\"elementor-element elementor-element-a9b8ebb elementor-align-right elementor-widget__width-initial elementor-widget elementor-widget-button\" data-id=\"a9b8ebb\" data-element_type=\"widget\" data-widget_type=\"button.default\">\n\t\t\t\t<div class=\"elementor-widget-container\">\n\t\t\t\t\t<div class=\"elementor-button-wrapper\">\n\t\t\t<a class=\"elementor-button elementor-button-link elementor-size-sm\" href=\"https:\/\/portifolio.id3sistemas.com.br\/amoreljoias\/loja\/\">\n\t\t\t\t\t\t<span class=\"elementor-button-content-wrapper\">\n\t\t\t\t\t\t<span class=\"elementor-button-icon elementor-align-icon-right\">\n\t\t\t\t<i aria-hidden=\"true\" class=\"fas fa-arrow-circle-right\"><\/i>\t\t\t<\/span>\n\t\t\t\t\t\t<span class=\"elementor-button-text\">Ver Tudo<\/span>\n\t\t<\/span>\n\t\t\t\t\t<\/a>\n\t\t<\/div>\n\t\t\t\t<\/div>\n\t\t\t\t<\/div>\n\t\t\t\t<div class=\"elementor-element elementor-element-3af3e11 elementor-widget__width-initial elementor-position-top elementor-widget elementor-widget-image-box\" data-id=\"3af3e11\" data-element_type=\"widget\" data-widget_type=\"image-box.default\">\n\t\t\t\t<div class=\"elementor-widget-container\">\n\t\t\t<style>\/*! elementor - v3.16.0 - 13-09-2023 *\/\n.elementor-widget-image-box .elementor-image-box-content{width:100%}@media (min-width:768px){.elementor-widget-image-box.elementor-position-left .elementor-image-box-wrapper,.elementor-widget-image-box.elementor-position-right .elementor-image-box-wrapper{display:flex}.elementor-widget-image-box.elementor-position-right .elementor-image-box-wrapper{text-align:right;flex-direction:row-reverse}.elementor-widget-image-box.elementor-position-left .elementor-image-box-wrapper{text-align:left;flex-direction:row}.elementor-widget-image-box.elementor-position-top .elementor-image-box-img{margin:auto}.elementor-widget-image-box.elementor-vertical-align-top .elementor-image-box-wrapper{align-items:flex-start}.elementor-widget-image-box.elementor-vertical-align-middle .elementor-image-box-wrapper{align-items:center}.elementor-widget-image-box.elementor-vertical-align-bottom .elementor-image-box-wrapper{align-items:flex-end}}@media (max-width:767px){.elementor-widget-image-box .elementor-image-box-img{margin-left:auto!important;margin-right:auto!important;margin-bottom:15px}}.elementor-widget-image-box .elementor-image-box-img{display:inline-block}.elementor-widget-image-box .elementor-image-box-title a{color:inherit}.elementor-widget-image-box .elementor-image-box-wrapper{text-align:center}.elementor-widget-image-box .elementor-image-box-description{margin:0}<\/style><div class=\"elementor-image-box-wrapper\"><figure class=\"elementor-image-box-img\"><a href=\"https:\/\/portifolio.id3sistemas.com.br\/amoreljoias\/categoria-produto\/brincos\/\" tabindex=\"-1\"><img decoding=\"async\" loading=\"lazy\" width=\"300\" height=\"300\" src=\"https:\/\/portifolio.id3sistemas.com.br\/amoreljoias\/wp-content\/uploads\/2023\/08\/1.png\" class=\"elementor-animation-grow attachment-full size-full wp-image-17\" alt=\"\" srcset=\"https:\/\/portifolio.id3sistemas.com.br\/amoreljoias\/wp-content\/uploads\/2023\/08\/1.png 300w, https:\/\/portifolio.id3sistemas.com.br\/amoreljoias\/wp-content\/uploads\/2023\/08\/1-100x100.png 100w, https:\/\/portifolio.id3sistemas.com.br\/amoreljoias\/wp-content\/uploads\/2023\/08\/1-150x150.png 150w\" sizes=\"(max-width: 300px) 100vw, 300px\" \/><\/a><\/figure><div class=\"elementor-image-box-content\"><h3 class=\"elementor-image-box-title\"><a href=\"https:\/\/portifolio.id3sistemas.com.br\/amoreljoias\/categoria-produto\/brincos\/\">Brincos<\/a><\/h3><\/div><\/div>\t\t<\/div>\n\t\t\t\t<\/div>\n\t\t\t\t<div class=\"elementor-element elementor-element-affd6f3 elementor-widget__width-initial elementor-position-top elementor-widget elementor-widget-image-box\" data-id=\"affd6f3\" data-element_type=\"widget\" data-widget_type=\"image-box.default\">\n\t\t\t\t<div class=\"elementor-widget-container\">\n\t\t\t<div class=\"elementor-image-box-wrapper\"><figure class=\"elementor-image-box-img\"><a href=\"https:\/\/portifolio.id3sistemas.com.br\/amoreljoias\/categoria-produto\/pulseiras\/\" tabindex=\"-1\"><img decoding=\"async\" loading=\"lazy\" width=\"300\" height=\"300\" src=\"https:\/\/portifolio.id3sistemas.com.br\/amoreljoias\/wp-content\/uploads\/2023\/08\/Design-sem-nome-70.png\" class=\"elementor-animation-grow attachment-full size-full wp-image-32\" alt=\"\" srcset=\"https:\/\/portifolio.id3sistemas.com.br\/amoreljoias\/wp-content\/uploads\/2023\/08\/Design-sem-nome-70.png 300w, https:\/\/portifolio.id3sistemas.com.br\/amoreljoias\/wp-content\/uploads\/2023\/08\/Design-sem-nome-70-100x100.png 100w, https:\/\/portifolio.id3sistemas.com.br\/amoreljoias\/wp-content\/uploads\/2023\/08\/Design-sem-nome-70-150x150.png 150w\" sizes=\"(max-width: 300px) 100vw, 300px\" \/><\/a><\/figure><div class=\"elementor-image-box-content\"><h3 class=\"elementor-image-box-title\"><a href=\"https:\/\/portifolio.id3sistemas.com.br\/amoreljoias\/categoria-produto\/pulseiras\/\">Pulseiras<\/a><\/h3><\/div><\/div>\t\t<\/div>\n\t\t\t\t<\/div>\n\t\t\t\t<div class=\"elementor-element elementor-element-1890673 elementor-widget__width-initial elementor-position-top elementor-widget elementor-widget-image-box\" data-id=\"1890673\" data-element_type=\"widget\" data-widget_type=\"image-box.default\">\n\t\t\t\t<div class=\"elementor-widget-container\">\n\t\t\t<div class=\"elementor-image-box-wrapper\"><figure class=\"elementor-image-box-img\"><a href=\"https:\/\/portifolio.id3sistemas.com.br\/amoreljoias\/categoria-produto\/braceletes\/\" tabindex=\"-1\"><img decoding=\"async\" loading=\"lazy\" width=\"300\" height=\"300\" src=\"https:\/\/portifolio.id3sistemas.com.br\/amoreljoias\/wp-content\/uploads\/2023\/08\/4.png\" class=\"elementor-animation-grow attachment-full size-full wp-image-22\" alt=\"\" srcset=\"https:\/\/portifolio.id3sistemas.com.br\/amoreljoias\/wp-content\/uploads\/2023\/08\/4.png 300w, https:\/\/portifolio.id3sistemas.com.br\/amoreljoias\/wp-content\/uploads\/2023\/08\/4-100x100.png 100w, https:\/\/portifolio.id3sistemas.com.br\/amoreljoias\/wp-content\/uploads\/2023\/08\/4-150x150.png 150w\" sizes=\"(max-width: 300px) 100vw, 300px\" \/><\/a><\/figure><div class=\"elementor-image-box-content\"><h3 class=\"elementor-image-box-title\"><a href=\"https:\/\/portifolio.id3sistemas.com.br\/amoreljoias\/categoria-produto\/braceletes\/\">Braceletes<\/a><\/h3><\/div><\/div>\t\t<\/div>\n\t\t\t\t<\/div>\n\t\t\t\t<div class=\"elementor-element elementor-element-9f8a34f elementor-widget__width-initial elementor-position-top elementor-widget elementor-widget-image-box\" data-id=\"9f8a34f\" data-element_type=\"widget\" data-widget_type=\"image-box.default\">\n\t\t\t\t<div class=\"elementor-widget-container\">\n\t\t\t<div class=\"elementor-image-box-wrapper\"><figure class=\"elementor-image-box-img\"><a href=\"https:\/\/portifolio.id3sistemas.com.br\/amoreljoias\/categoria-produto\/conjuntos\/\" tabindex=\"-1\"><img decoding=\"async\" loading=\"lazy\" width=\"300\" height=\"300\" src=\"https:\/\/portifolio.id3sistemas.com.br\/amoreljoias\/wp-content\/uploads\/2023\/08\/3.png\" class=\"elementor-animation-grow attachment-full size-full wp-image-20\" alt=\"\" srcset=\"https:\/\/portifolio.id3sistemas.com.br\/amoreljoias\/wp-content\/uploads\/2023\/08\/3.png 300w, https:\/\/portifolio.id3sistemas.com.br\/amoreljoias\/wp-content\/uploads\/2023\/08\/3-100x100.png 100w, https:\/\/portifolio.id3sistemas.com.br\/amoreljoias\/wp-content\/uploads\/2023\/08\/3-150x150.png 150w\" sizes=\"(max-width: 300px) 100vw, 300px\" \/><\/a><\/figure><div class=\"elementor-image-box-content\"><h3 class=\"elementor-image-box-title\"><a href=\"https:\/\/portifolio.id3sistemas.com.br\/amoreljoias\/categoria-produto\/conjuntos\/\">Conjuntos<\/a><\/h3><\/div><\/div>\t\t<\/div>\n\t\t\t\t<\/div>\n\t\t\t\t<div class=\"elementor-element elementor-element-ef23a00 elementor-widget__width-initial elementor-position-top elementor-widget elementor-widget-image-box\" data-id=\"ef23a00\" data-element_type=\"widget\" data-widget_type=\"image-box.default\">\n\t\t\t\t<div class=\"elementor-widget-container\">\n\t\t\t<div class=\"elementor-image-box-wrapper\"><figure class=\"elementor-image-box-img\"><a href=\"https:\/\/portifolio.id3sistemas.com.br\/amoreljoias\/categoria-produto\/colares\/\" tabindex=\"-1\"><img decoding=\"async\" loading=\"lazy\" width=\"300\" height=\"300\" src=\"https:\/\/portifolio.id3sistemas.com.br\/amoreljoias\/wp-content\/uploads\/2023\/08\/Design-sem-nome-67.png\" class=\"elementor-animation-grow attachment-full size-full wp-image-33\" alt=\"\" srcset=\"https:\/\/portifolio.id3sistemas.com.br\/amoreljoias\/wp-content\/uploads\/2023\/08\/Design-sem-nome-67.png 300w, https:\/\/portifolio.id3sistemas.com.br\/amoreljoias\/wp-content\/uploads\/2023\/08\/Design-sem-nome-67-100x100.png 100w, https:\/\/portifolio.id3sistemas.com.br\/amoreljoias\/wp-content\/uploads\/2023\/08\/Design-sem-nome-67-150x150.png 150w\" sizes=\"(max-width: 300px) 100vw, 300px\" \/><\/a><\/figure><div class=\"elementor-image-box-content\"><h3 class=\"elementor-image-box-title\"><a href=\"https:\/\/portifolio.id3sistemas.com.br\/amoreljoias\/categoria-produto\/colares\/\">Colares<\/a><\/h3><\/div><\/div>\t\t<\/div>\n\t\t\t\t<\/div>\n\t\t\t\t<div class=\"elementor-element elementor-element-51233c9 elementor-widget__width-initial elementor-position-top elementor-widget elementor-widget-image-box\" data-id=\"51233c9\" data-element_type=\"widget\" data-widget_type=\"image-box.default\">\n\t\t\t\t<div class=\"elementor-widget-container\">\n\t\t\t<div class=\"elementor-image-box-wrapper\"><figure class=\"elementor-image-box-img\"><a href=\"https:\/\/portifolio.id3sistemas.com.br\/amoreljoias\/categoria-produto\/relogios\/\" tabindex=\"-1\"><img decoding=\"async\" loading=\"lazy\" width=\"300\" height=\"300\" src=\"https:\/\/portifolio.id3sistemas.com.br\/amoreljoias\/wp-content\/uploads\/2023\/08\/Design-sem-nome-69.png\" class=\"elementor-animation-grow attachment-full size-full wp-image-31\" alt=\"\" srcset=\"https:\/\/portifolio.id3sistemas.com.br\/amoreljoias\/wp-content\/uploads\/2023\/08\/Design-sem-nome-69.png 300w, https:\/\/portifolio.id3sistemas.com.br\/amoreljoias\/wp-content\/uploads\/2023\/08\/Design-sem-nome-69-100x100.png 100w, https:\/\/portifolio.id3sistemas.com.br\/amoreljoias\/wp-content\/uploads\/2023\/08\/Design-sem-nome-69-150x150.png 150w\" sizes=\"(max-width: 300px) 100vw, 300px\" \/><\/a><\/figure><div class=\"elementor-image-box-content\"><h3 class=\"elementor-image-box-title\"><a href=\"https:\/\/portifolio.id3sistemas.com.br\/amoreljoias\/categoria-produto\/relogios\/\">Rel\u00f3gios<\/a><\/h3><\/div><\/div>\t\t<\/div>\n\t\t\t\t<\/div>\n\t\t\t\t\t<\/div>\n\t\t\t\t<\/div>\n\t\t<div class=\"elementor-element elementor-element-1ff660b e-flex e-con-boxed e-con e-parent\" data-id=\"1ff660b\" data-element_type=\"container\" data-settings=\"{&quot;content_width&quot;:&quot;boxed&quot;}\" data-core-v316-plus=\"true\">\n\t\t\t\t\t<div class=\"e-con-inner\">\n\t\t\t\t<div class=\"elementor-element elementor-element-0aeabf2 elementor-widget-divider--view-line_text elementor-widget-divider--element-align-center elementor-widget elementor-widget-divider\" data-id=\"0aeabf2\" data-element_type=\"widget\" data-widget_type=\"divider.default\">\n\t\t\t\t<div class=\"elementor-widget-container\">\n\t\t\t<style>\/*! elementor - v3.16.0 - 13-09-2023 *\/\n.elementor-widget-divider{--divider-border-style:none;--divider-border-width:1px;--divider-color:#0c0d0e;--divider-icon-size:20px;--divider-element-spacing:10px;--divider-pattern-height:24px;--divider-pattern-size:20px;--divider-pattern-url:none;--divider-pattern-repeat:repeat-x}.elementor-widget-divider .elementor-divider{display:flex}.elementor-widget-divider .elementor-divider__text{font-size:15px;line-height:1;max-width:95%}.elementor-widget-divider .elementor-divider__element{margin:0 var(--divider-element-spacing);flex-shrink:0}.elementor-widget-divider .elementor-icon{font-size:var(--divider-icon-size)}.elementor-widget-divider .elementor-divider-separator{display:flex;margin:0;direction:ltr}.elementor-widget-divider--view-line_icon .elementor-divider-separator,.elementor-widget-divider--view-line_text .elementor-divider-separator{align-items:center}.elementor-widget-divider--view-line_icon .elementor-divider-separator:after,.elementor-widget-divider--view-line_icon .elementor-divider-separator:before,.elementor-widget-divider--view-line_text .elementor-divider-separator:after,.elementor-widget-divider--view-line_text .elementor-divider-separator:before{display:block;content:\"\";border-bottom:0;flex-grow:1;border-top:var(--divider-border-width) var(--divider-border-style) var(--divider-color)}.elementor-widget-divider--element-align-left .elementor-divider .elementor-divider-separator>.elementor-divider__svg:first-of-type{flex-grow:0;flex-shrink:100}.elementor-widget-divider--element-align-left .elementor-divider-separator:before{content:none}.elementor-widget-divider--element-align-left .elementor-divider__element{margin-left:0}.elementor-widget-divider--element-align-right .elementor-divider .elementor-divider-separator>.elementor-divider__svg:last-of-type{flex-grow:0;flex-shrink:100}.elementor-widget-divider--element-align-right .elementor-divider-separator:after{content:none}.elementor-widget-divider--element-align-right .elementor-divider__element{margin-right:0}.elementor-widget-divider:not(.elementor-widget-divider--view-line_text):not(.elementor-widget-divider--view-line_icon) .elementor-divider-separator{border-top:var(--divider-border-width) var(--divider-border-style) var(--divider-color)}.elementor-widget-divider--separator-type-pattern{--divider-border-style:none}.elementor-widget-divider--separator-type-pattern.elementor-widget-divider--view-line .elementor-divider-separator,.elementor-widget-divider--separator-type-pattern:not(.elementor-widget-divider--view-line) .elementor-divider-separator:after,.elementor-widget-divider--separator-type-pattern:not(.elementor-widget-divider--view-line) .elementor-divider-separator:before,.elementor-widget-divider--separator-type-pattern:not([class*=elementor-widget-divider--view]) .elementor-divider-separator{width:100%;min-height:var(--divider-pattern-height);-webkit-mask-size:var(--divider-pattern-size) 100%;mask-size:var(--divider-pattern-size) 100%;-webkit-mask-repeat:var(--divider-pattern-repeat);mask-repeat:var(--divider-pattern-repeat);background-color:var(--divider-color);-webkit-mask-image:var(--divider-pattern-url);mask-image:var(--divider-pattern-url)}.elementor-widget-divider--no-spacing{--divider-pattern-size:auto}.elementor-widget-divider--bg-round{--divider-pattern-repeat:round}.rtl .elementor-widget-divider .elementor-divider__text{direction:rtl}.e-con-inner>.elementor-widget-divider,.e-con>.elementor-widget-divider{width:var(--container-widget-width,100%);--flex-grow:var(--container-widget-flex-grow)}<\/style>\t\t<div class=\"elementor-divider\">\n\t\t\t<span class=\"elementor-divider-separator\">\n\t\t\t\t\t\t\t<h2 class=\"elementor-divider__text elementor-divider__element\">\n\t\t\t\tLAN\u00c7AMENTOS\t\t\t\t<\/h2>\n\t\t\t\t\t\t<\/span>\n\t\t<\/div>\n\t\t\t\t<\/div>\n\t\t\t\t<\/div>\n\t\t\t\t<div class=\"elementor-element elementor-element-01d1033 elementor-align-left elementor-widget-mobile__width-auto elementor-widget elementor-widget-shopengine-product-list\" data-id=\"01d1033\" data-element_type=\"widget\" data-widget_type=\"shopengine-product-list.default\">\n\t\t\t\t<div class=\"elementor-widget-container\">\n\t\t\t<div class=\"shopengine shopengine-widget\"><\/div>\t\t<\/div>\n\t\t\t\t<\/div>\n\t\t<div class=\"elementor-element elementor-element-5ca2d14 e-flex e-con-boxed e-con e-child\" data-id=\"5ca2d14\" data-element_type=\"container\" data-settings=\"{&quot;content_width&quot;:&quot;boxed&quot;}\">\n\t\t\t\t\t<div class=\"e-con-inner\">\n\t\t\t\t<div class=\"elementor-element elementor-element-8e383c5 elementor-widget__width-initial elementor-widget elementor-widget-image\" data-id=\"8e383c5\" data-element_type=\"widget\" data-widget_type=\"image.default\">\n\t\t\t\t<div class=\"elementor-widget-container\">\n\t\t\t<style>\/*! elementor - v3.16.0 - 13-09-2023 *\/\n.elementor-widget-image{text-align:center}.elementor-widget-image a{display:inline-block}.elementor-widget-image a img[src$=\".svg\"]{width:48px}.elementor-widget-image img{vertical-align:middle;display:inline-block}<\/style>\t\t\t\t\t\t\t\t\t\t\t\t\t<a href=\"https:\/\/portifolio.id3sistemas.com.br\/amoreljoias\/categoria-produto\/colares\/\">\n\t\t\t\t\t\t\t<img decoding=\"async\" loading=\"lazy\" width=\"1080\" height=\"1372\" src=\"https:\/\/portifolio.id3sistemas.com.br\/amoreljoias\/wp-content\/uploads\/2023\/08\/1-2.png\" class=\"elementor-animation-shrink attachment-full size-full wp-image-18\" alt=\"\" srcset=\"https:\/\/portifolio.id3sistemas.com.br\/amoreljoias\/wp-content\/uploads\/2023\/08\/1-2.png 1080w, https:\/\/portifolio.id3sistemas.com.br\/amoreljoias\/wp-content\/uploads\/2023\/08\/1-2-600x762.png 600w, https:\/\/portifolio.id3sistemas.com.br\/amoreljoias\/wp-content\/uploads\/2023\/08\/1-2-236x300.png 236w, https:\/\/portifolio.id3sistemas.com.br\/amoreljoias\/wp-content\/uploads\/2023\/08\/1-2-806x1024.png 806w, https:\/\/portifolio.id3sistemas.com.br\/amoreljoias\/wp-content\/uploads\/2023\/08\/1-2-768x976.png 768w\" sizes=\"(max-width: 1080px) 100vw, 1080px\" \/>\t\t\t\t\t\t\t\t<\/a>\n\t\t\t\t\t\t\t\t\t\t\t\t\t\t\t<\/div>\n\t\t\t\t<\/div>\n\t\t\t\t<div class=\"elementor-element elementor-element-faab0f9 elementor-widget__width-initial elementor-widget elementor-widget-image\" data-id=\"faab0f9\" data-element_type=\"widget\" data-widget_type=\"image.default\">\n\t\t\t\t<div class=\"elementor-widget-container\">\n\t\t\t\t\t\t\t\t\t\t\t\t\t\t\t\t<a href=\"https:\/\/portifolio.id3sistemas.com.br\/amoreljoias\/categoria-produto\/braceletes\/\">\n\t\t\t\t\t\t\t<img decoding=\"async\" loading=\"lazy\" width=\"1080\" height=\"1372\" src=\"https:\/\/portifolio.id3sistemas.com.br\/amoreljoias\/wp-content\/uploads\/2023\/08\/2-2.png\" class=\"elementor-animation-shrink attachment-full size-full wp-image-19\" alt=\"\" srcset=\"https:\/\/portifolio.id3sistemas.com.br\/amoreljoias\/wp-content\/uploads\/2023\/08\/2-2.png 1080w, https:\/\/portifolio.id3sistemas.com.br\/amoreljoias\/wp-content\/uploads\/2023\/08\/2-2-600x762.png 600w, https:\/\/portifolio.id3sistemas.com.br\/amoreljoias\/wp-content\/uploads\/2023\/08\/2-2-236x300.png 236w, https:\/\/portifolio.id3sistemas.com.br\/amoreljoias\/wp-content\/uploads\/2023\/08\/2-2-806x1024.png 806w, https:\/\/portifolio.id3sistemas.com.br\/amoreljoias\/wp-content\/uploads\/2023\/08\/2-2-768x976.png 768w\" sizes=\"(max-width: 1080px) 100vw, 1080px\" \/>\t\t\t\t\t\t\t\t<\/a>\n\t\t\t\t\t\t\t\t\t\t\t\t\t\t\t<\/div>\n\t\t\t\t<\/div>\n\t\t\t\t<div class=\"elementor-element elementor-element-27f0873 elementor-widget__width-initial elementor-widget elementor-widget-image\" data-id=\"27f0873\" data-element_type=\"widget\" data-widget_type=\"image.default\">\n\t\t\t\t<div class=\"elementor-widget-container\">\n\t\t\t\t\t\t\t\t\t\t\t\t\t\t\t\t<a href=\"https:\/\/portifolio.id3sistemas.com.br\/amoreljoias\/categoria-produto\/argolas\/\">\n\t\t\t\t\t\t\t<img decoding=\"async\" loading=\"lazy\" width=\"1080\" height=\"1372\" src=\"https:\/\/portifolio.id3sistemas.com.br\/amoreljoias\/wp-content\/uploads\/2023\/08\/3-2.png\" class=\"elementor-animation-shrink attachment-full size-full wp-image-21\" alt=\"\" srcset=\"https:\/\/portifolio.id3sistemas.com.br\/amoreljoias\/wp-content\/uploads\/2023\/08\/3-2.png 1080w, https:\/\/portifolio.id3sistemas.com.br\/amoreljoias\/wp-content\/uploads\/2023\/08\/3-2-600x762.png 600w, https:\/\/portifolio.id3sistemas.com.br\/amoreljoias\/wp-content\/uploads\/2023\/08\/3-2-236x300.png 236w, https:\/\/portifolio.id3sistemas.com.br\/amoreljoias\/wp-content\/uploads\/2023\/08\/3-2-806x1024.png 806w, https:\/\/portifolio.id3sistemas.com.br\/amoreljoias\/wp-content\/uploads\/2023\/08\/3-2-768x976.png 768w\" sizes=\"(max-width: 1080px) 100vw, 1080px\" \/>\t\t\t\t\t\t\t\t<\/a>\n\t\t\t\t\t\t\t\t\t\t\t\t\t\t\t<\/div>\n\t\t\t\t<\/div>\n\t\t\t\t\t<\/div>\n\t\t\t\t<\/div>\n\t\t\t\t<div class=\"elementor-element elementor-element-34fca4e elementor-widget-divider--view-line_text elementor-widget-divider--element-align-center elementor-widget elementor-widget-divider\" data-id=\"34fca4e\" data-element_type=\"widget\" data-widget_type=\"divider.default\">\n\t\t\t\t<div class=\"elementor-widget-container\">\n\t\t\t\t\t<div class=\"elementor-divider\">\n\t\t\t<span class=\"elementor-divider-separator\">\n\t\t\t\t\t\t\t<h2 class=\"elementor-divider__text elementor-divider__element\">\n\t\t\t\tOS QUERIDINHOS\t\t\t\t<\/h2>\n\t\t\t\t\t\t<\/span>\n\t\t<\/div>\n\t\t\t\t<\/div>\n\t\t\t\t<\/div>\n\t\t\t\t<div class=\"elementor-element elementor-element-d1e2f17 elementor-align-left elementor-widget-mobile__width-auto elementor-widget elementor-widget-shopengine-product-list\" data-id=\"d1e2f17\" data-element_type=\"widget\" data-widget_type=\"shopengine-product-list.default\">\n\t\t\t\t<div class=\"elementor-widget-container\">\n\t\t\t<div class=\"shopengine shopengine-widget\"><\/div>\t\t<\/div>\n\t\t\t\t<\/div>\n\t\t\t\t\t<\/div>\n\t\t\t\t<\/div>\n\t\t\t\t\t\t\t<\/div>\n\t\t","protected":false},"excerpt":{"rendered":"<p>Compre por categoria: Ver Tudo Brincos Pulseiras Braceletes Conjuntos Colares Rel\u00f3gios LAN\u00c7AMENTOS Ver op\u00e7\u00f5es An\u00e9is 2 PE\u00c7AS DE ANEL DOURADO DE DE Avalia\u00e7\u00e3o 4.00 de 5(1) &#82;&#36;100.00 Comprar Colares 2 PE\u00c7AS\/CONJUNTO COLAR STRASS Avalia\u00e7\u00e3o 5.00 de 5(1) &#82;&#36;220.00 Ver op\u00e7\u00f5es Conjuntos 3 PE\u00c7AS\/CONJUNTO MINIMALISTA Avalia\u00e7\u00e3o 5.00 de 5(1) &#82;&#36;100.00 Comprar -12% Brincos 5 PE\u00c7AS DE [&hellip;]<\/p>\n","protected":false},"author":1,"featured_media":0,"parent":0,"menu_order":0,"comment_status":"closed","ping_status":"closed","template":"","meta":{"footnotes":""},"_links":{"self":[{"href":"https:\/\/portifolio.id3sistemas.com.br\/amoreljoias\/wp-json\/wp\/v2\/pages\/105"}],"collection":[{"href":"https:\/\/portifolio.id3sistemas.com.br\/amoreljoias\/wp-json\/wp\/v2\/pages"}],"about":[{"href":"https:\/\/portifolio.id3sistemas.com.br\/amoreljoias\/wp-json\/wp\/v2\/types\/page"}],"author":[{"embeddable":true,"href":"https:\/\/portifolio.id3sistemas.com.br\/amoreljoias\/wp-json\/wp\/v2\/users\/1"}],"replies":[{"embeddable":true,"href":"https:\/\/portifolio.id3sistemas.com.br\/amoreljoias\/wp-json\/wp\/v2\/comments?post=105"}],"version-history":[{"count":55,"href":"https:\/\/portifolio.id3sistemas.com.br\/amoreljoias\/wp-json\/wp\/v2\/pages\/105\/revisions"}],"predecessor-version":[{"id":500,"href":"https:\/\/portifolio.id3sistemas.com.br\/amoreljoias\/wp-json\/wp\/v2\/pages\/105\/revisions\/500"}],"wp:attachment":[{"href":"https:\/\/portifolio.id3sistemas.com.br\/amoreljoias\/wp-json\/wp\/v2\/media?parent=105"}],"curies":[{"name":"wp","href":"https:\/\/api.w.org\/{rel}","templated":true}]}}